{"id":753,"date":"2013-08-07T16:42:18","date_gmt":"2013-08-07T09:42:18","guid":{"rendered":"http:\/\/www.ohashi.vn\/?page_id=753"},"modified":"2021-07-03T16:49:27","modified_gmt":"2021-07-03T09:49:27","slug":"dieu-kien-su-dung-dich-vu","status":"publish","type":"page","link":"https:\/\/www.ohashi.vn\/vi\/khieu-nai\/dieu-kien-su-dung-dich-vu\/","title":{"rendered":"\u0110i\u1ec1u Ki\u1ec7n S\u1eed D\u1ee5ng D\u1ecbch V\u1ee5"},"content":{"rendered":"<p><\/p>\n<div style=\"border: 0.9px solid #00bfff; background-color: #00bfff; text-align: center;\"><span style=\"font-family: 'times new roman', times; font-size: x-large; color: #ffffff;\">\u0110i\u1ec1u Ki\u1ec7n S\u1eed D\u1ee5ng D\u1ecbch V\u1ee5<\/span><\/div>\n<ul>\n<ol>\n<li><span style=\"font-size: large; font-family: 'times new roman', times;\">OHASHI kh\u00f4ng ch\u1ecbu tr\u00e1ch nhi\u1ec7m \u0111\u1ed1i v\u1edbi nh\u1eefng l\u1ed7i \u0111\u00e3 c\u00f3 tr\u01b0\u1edbc qu\u00e1 tr\u00ecnh gi\u1eb7t. B\u00ean c\u1ea1nh \u0111\u00f3, ch\u00fang t\u00f4i c\u0169ng kh\u00f4ng ch\u1ecbu tr\u00e1ch nhi\u1ec7m \u0111\u1ed1i v\u1edbi nh\u1eefng h\u01b0 h\u1ecfng ph\u00e1t sinh li\u00ean quan \u0111\u1ebfn tu\u1ed5i th\u1ecd s\u1ea3n ph\u1ea9m ho\u1eb7c c\u00e1c h\u01b0 h\u1ecfng do vi\u1ec7c s\u1eed d\u1ee5ng s\u1ea3n ph\u1ea9m.<\/span><\/li>\n<li><span style=\"font-size: large; font-family: 'times new roman', times;\">OHASHI kh\u00f4ng c\u00f3 tr\u00e1ch nhi\u1ec7m \u0111\u1ed1i v\u1edbi nh\u1eefng v\u1eadt d\u1ee5ng b\u1ecf qu\u00ean trong qu\u1ea7n \u00e1o ho\u1eb7c \u0111\u00ednh k\u00e8m v\u1edbi qu\u1ea7n \u00e1o (vd: c\u00e1c chi ti\u1ebft trang tr\u00ed, n\u00fat \u00e1o, ve c\u1ed5 \u00e1o s\u01a1 mi&#8230;)<\/span><\/li>\n<li><span style=\"font-size: large; font-family: 'times new roman', times;\">OHASHI s\u1ebd \u0111\u1ec1n b\u00f9 v\u1edbi m\u1ecdi r\u1ee7i ro, h\u01b0 h\u1ecfng, m\u1ea5t m\u00e1t x\u1ea3y ra do l\u1ed7i c\u1ee7a OHASHI. Gi\u00e1 tr\u1ecb \u0111\u1ec1n b\u00f9 s\u1ebd do OHASHI tho\u1ea3 thu\u1eadn v\u1edbi kh\u00e1ch h\u00e0ng, tuy nhi\u00ean s\u1ebd kh\u00f4ng v\u01b0\u1ee3t qu\u00e1 10 l\u1ea7n gi\u00e1 d\u1ecbch v\u1ee5 gi\u1eb7t c\u1ee7a \u0111\u1ed3 v\u1eadt \u0111\u00f3 v\u00e0 ph\u1ea3i c\u00f3 h\u00f3a \u0111\u01a1n g\u1ed1c.<\/span><\/li>\n<li><span style=\"font-size: large; font-family: 'times new roman', times;\">\u0110\u1ed1i v\u1edbi nh\u1eefng tr\u01b0\u1eddng h\u1ee3p \u0111\u1eb7c bi\u1ec7t, OHASHI s\u1ebd th\u1ea3o lu\u1eadn v\u1edbi kh\u00e1ch h\u00e0ng v\u00e0 ch\u1ec9 ti\u1ebfp t\u1ee5c cung c\u1ea5p d\u1ecbch v\u1ee5 n\u1ebfu OHASHI v\u00e0 kh\u00e1ch h\u00e0ng \u0111\u1ea1t \u0111\u01b0\u1ee3c th\u1ecfa thu\u1eadn.<\/span><\/li>\n<li><span style=\"font-size: large; font-family: 'times new roman', times;\">OHASHI ch\u1ec9 ch\u1ea5p nh\u1eadn khi\u1ebfu n\u1ea1i n\u1ebfu Qu\u00fd kh\u00e1ch li\u00ean h\u1ec7 khi\u1ebfu n\u1ea1i v\u1edbi OHASHI trong v\u00f2ng 24 gi\u1edd k\u1ec3 t\u1eeb l\u00fac kh\u00e1ch h\u00e0ng ti\u1ebfp nh\u1eadn s\u1ea3n ph\u1ea9m t\u1eeb OHASHI.<\/span><\/li>\n<\/ol>\n<\/ul>\n<p><\/p>","protected":false},"excerpt":{"rendered":"<p>\u0110i\u1ec1u Ki\u1ec7n S\u1eed D\u1ee5ng D\u1ecbch V\u1ee5 OHASHI kh\u00f4ng ch\u1ecbu tr\u00e1ch nhi\u1ec7m \u0111\u1ed1i v\u1edbi nh\u1eefng l\u1ed7i \u0111\u00e3 c\u00f3 tr\u01b0\u1edbc qu\u00e1 tr\u00ecnh gi\u1eb7t. B\u00ean c\u1ea1nh \u0111\u00f3, ch\u00fang t\u00f4i c\u0169ng kh\u00f4ng ch\u1ecbu tr\u00e1ch nhi\u1ec7m \u0111\u1ed1i v\u1edbi nh\u1eefng h\u01b0 h\u1ecfng ph\u00e1t sinh li\u00ean quan \u0111\u1ebfn tu\u1ed5i th\u1ecd s\u1ea3n ph\u1ea9m ho\u1eb7c c\u00e1c h\u01b0 h\u1ecfng do vi\u1ec7c s\u1eed d\u1ee5ng s\u1ea3n ph\u1ea9m. [&hellip;]<\/p>\n","protected":false},"author":2,"featured_media":0,"parent":237,"menu_order":0,"comment_status":"closed","ping_status":"closed","template":"template-fullwidth.php","meta":{"ngg_post_thumbnail":0,"footnotes":""},"class_list":["post-753","page","type-page","status-publish","hentry"],"_links":{"self":[{"href":"https:\/\/www.ohashi.vn\/vi\/wp-json\/wp\/v2\/pages\/753"}],"collection":[{"href":"https:\/\/www.ohashi.vn\/vi\/wp-json\/wp\/v2\/pages"}],"about":[{"href":"https:\/\/www.ohashi.vn\/vi\/wp-json\/wp\/v2\/types\/page"}],"author":[{"embeddable":true,"href":"https:\/\/www.ohashi.vn\/vi\/wp-json\/wp\/v2\/users\/2"}],"replies":[{"embeddable":true,"href":"https:\/\/www.ohashi.vn\/vi\/wp-json\/wp\/v2\/comments?post=753"}],"version-history":[{"count":21,"href":"https:\/\/www.ohashi.vn\/vi\/wp-json\/wp\/v2\/pages\/753\/revisions"}],"predecessor-version":[{"id":2220,"href":"https:\/\/www.ohashi.vn\/vi\/wp-json\/wp\/v2\/pages\/753\/revisions\/2220"}],"up":[{"embeddable":true,"href":"https:\/\/www.ohashi.vn\/vi\/wp-json\/wp\/v2\/pages\/237"}],"wp:attachment":[{"href":"https:\/\/www.ohashi.vn\/vi\/wp-json\/wp\/v2\/media?parent=753"}],"curies":[{"name":"wp","href":"https:\/\/api.w.org\/{rel}","templated":true}]}}