{"id":24,"date":"2013-06-27T14:14:42","date_gmt":"2013-06-27T07:14:42","guid":{"rendered":"http:\/\/www.ohashi.vn\/?page_id=24"},"modified":"2024-10-16T12:13:53","modified_gmt":"2024-10-16T05:13:53","slug":"trang-chu","status":"publish","type":"page","link":"https:\/\/www.ohashi.vn\/vi\/","title":{"rendered":"Trang ch\u1ee7"},"content":{"rendered":"<p>\n<div class=\"ngg-galleryoverview ngg-slideshow\"\n\tid=\"ngg-slideshow-3a91ba50e09b38a885989a13aaf20ed1-12027911920\"\n\tdata-gallery-id=\"3a91ba50e09b38a885989a13aaf20ed1\"\n\tstyle=\"max-width: 1117px;\n\t\t\tmax-height: 644px;\n\t\t\tdisplay: none;\">\n\n\t\n\t\t<a href=\"https:\/\/www.ohashi.vn\/wp-content\/galleries\/home-page-tieng-viet\/vn-confident.png\"\n\t\t\ttitle=\"\"\n\t\t\tdata-src=\"https:\/\/www.ohashi.vn\/wp-content\/galleries\/home-page-tieng-viet\/vn-confident.png\"\n\t\t\tdata-thumbnail=\"https:\/\/www.ohashi.vn\/wp-content\/galleries\/home-page-tieng-viet\/thumbs\/thumbs_vn-confident.png\"\n\t\t\tdata-image-id=\"33\"\n\t\t\tdata-title=\"vn-confident\"\n\t\t\tdata-description=\"\"\n\t\t\tclass=\"ngg-simplelightbox\" rel=\"3a91ba50e09b38a885989a13aaf20ed1\">\n\n\t\t\t<img data-image-id='33'\n\t\t\t\ttitle=\"\"\n\t\t\t\talt=\"vn-confident\"\n\t\t\t\tsrc=\"https:\/\/www.ohashi.vn\/wp-content\/galleries\/home-page-tieng-viet\/vn-confident.png\"\n\t\t\t\tstyle=\"max-height: 624px;\"\/>\n\t\t<\/a>\n\n\t\t\n\t\t<a href=\"https:\/\/www.ohashi.vn\/wp-content\/galleries\/home-page-tieng-viet\/vn-protection.png\"\n\t\t\ttitle=\" \"\n\t\t\tdata-src=\"https:\/\/www.ohashi.vn\/wp-content\/galleries\/home-page-tieng-viet\/vn-protection.png\"\n\t\t\tdata-thumbnail=\"https:\/\/www.ohashi.vn\/wp-content\/galleries\/home-page-tieng-viet\/thumbs\/thumbs_vn-protection.png\"\n\t\t\tdata-image-id=\"35\"\n\t\t\tdata-title=\" \"\n\t\t\tdata-description=\" \"\n\t\t\tclass=\"ngg-simplelightbox\" rel=\"3a91ba50e09b38a885989a13aaf20ed1\">\n\n\t\t\t<img data-image-id='35'\n\t\t\t\ttitle=\" \"\n\t\t\t\talt=\" \"\n\t\t\t\tsrc=\"https:\/\/www.ohashi.vn\/wp-content\/galleries\/home-page-tieng-viet\/vn-protection.png\"\n\t\t\t\tstyle=\"max-height: 624px;\"\/>\n\t\t<\/a>\n\n\t\t\n\t\t<a href=\"https:\/\/www.ohashi.vn\/wp-content\/galleries\/home-page-tieng-viet\/vn-premium-service.png\"\n\t\t\ttitle=\" \"\n\t\t\tdata-src=\"https:\/\/www.ohashi.vn\/wp-content\/galleries\/home-page-tieng-viet\/vn-premium-service.png\"\n\t\t\tdata-thumbnail=\"https:\/\/www.ohashi.vn\/wp-content\/galleries\/home-page-tieng-viet\/thumbs\/thumbs_vn-premium-service.png\"\n\t\t\tdata-image-id=\"34\"\n\t\t\tdata-title=\" \"\n\t\t\tdata-description=\" \"\n\t\t\tclass=\"ngg-simplelightbox\" rel=\"3a91ba50e09b38a885989a13aaf20ed1\">\n\n\t\t\t<img data-image-id='34'\n\t\t\t\ttitle=\" \"\n\t\t\t\talt=\" \"\n\t\t\t\tsrc=\"https:\/\/www.ohashi.vn\/wp-content\/galleries\/home-page-tieng-viet\/vn-premium-service.png\"\n\t\t\t\tstyle=\"max-height: 624px;\"\/>\n\t\t<\/a>\n\n\t\t<\/div>\n\n\n<\/p>\n<p><span style=\"font-family: verdana, geneva; font-size: x-large;\">\u00a0<\/span><\/p>\n<hr style=\"height: 3px; width: 1117px;\" size=\"3\" width=\"1117\" \/>\n<h2><span style=\"font-size: x-large; color: #00adef;\"><span style=\"font-family: tahoma, arial, helvetica, sans-serif;\"><img loading=\"lazy\" decoding=\"async\" class=\"alignleft wp-image-1997\" style=\"margin: 2px; border: 0px;\" src=\"http:\/\/www.ohashi.vn\/wp-content\/uploads\/2014\/11\/Bulb.png\" alt=\"Bulb\" width=\"45\" height=\"57\" \/><\/span><\/span><span style=\"font-family: verdana, geneva; font-size: xx-large; color: #00adef;\">Th\u00f4ng tin c\u1ea7n bi\u1ebft<\/span><\/h2>\n<p><span style=\"font-family: 'times new roman', times; font-size: medium;\">L\u0129nh v\u1ef1c gi\u1eb7t \u1ee7i chuy\u00ean nghi\u1ec7p c\u00f2n t\u01b0\u01a1ng \u0111\u1ed1i m\u1edbi \u1edf Vi\u1ec7t Nam, v\u00ec th\u1ebf ch\u00fang t\u00f4i mu\u1ed1n cung c\u1ea5p cho c\u00e1c b\u1ea1n m\u1ed9t s\u1ed1 th\u00f4ng tin c\u01a1 b\u1ea3n v\u1ec1 ng\u00e0nh n\u00e0y v\u00e0 qua \u0111\u00f3 b\u1ea1n c\u00f3 \u0111\u01b0\u1ee3c c\u00e1i nh\u00ecn t\u1ed5ng qu\u00e1t<\/span><\/p>\n<ul>\n<li><span style=\"font-family: 'times new roman', times; font-size: medium;\"><a href=\"http:\/\/www.ohashi.vn\/giat-kho-la-gi\" target=\"_blank\" rel=\"noopener\">B\u00e0i: Gi\u1eb7t kh\u00f4 l\u00e0 g\u00ec<\/a><\/span><\/li>\n<li><span style=\"font-family: 'times new roman', times; font-size: medium;\"><a href=\"http:\/\/ohashi.vn\/tieng-viet-tai-sao-phai-la-giat-kho-uu-nhuoc-diem-cua-phuong-phap-nay-voi-giat-nuoc-la-gi\/\">B\u00e0i:\u00a0T\u1ea1i sao ph\u1ea3i l\u00e0 gi\u1eb7t kh\u00f4? \u01afu nh\u01b0\u1ee3c \u0111i\u1ec3m c\u1ee7a ph\u01b0\u01a1ng ph\u00e1p n\u00e0y so v\u1edbi gi\u1eb7t n\u01b0\u1edbc l\u00e0 g\u00ec?<\/a><\/span><\/li>\n<li><span style=\"font-family: 'times new roman', times; font-size: medium;\"><a href=\"http:\/\/ohashi.vn\/tieng-viet-vai-tro-cua-nuoc-trong-nganh-giat-ui\/\">B\u00e0i:\u00a0Vai tr\u00f2 c\u1ee7a n\u01b0\u1edbc trong ng\u00e0nh gi\u1eb7t \u1ee7i?<\/a><\/span><\/li>\n<li><a title=\"PERC, li\u1ec7u ch\u00fang c\u00f3 th\u1eadt s\u1ef1 an to\u00e0n?\" href=\"http:\/\/www.ohashi.vn\/tieng-viet-perc-lieu-chung-co-su-toan\/\"><span style=\"font-family: 'times new roman', times; font-size: medium;\">B\u00e0i: PERC, Li\u1ec7u ch\u00fang c\u00f3 th\u1eadt s\u1ef1 an to\u00e0n?<\/span><\/a><\/li>\n<\/ul>\n<hr style=\"height: 3px; width: 1117px;\" size=\"3\" width=\"1117\" \/>\n<h2><span style=\"font-size: xx-large; color: #00adef;\"><span style=\"font-family: tahoma, arial, helvetica, sans-serif;\"><a style=\"padding: 0px;\" href=\"http:\/\/www.ohashi.vn\/wp-content\/uploads\/2014\/11\/Red-Cross.png\"><img loading=\"lazy\" decoding=\"async\" class=\"alignleft wp-image-2016\" style=\"border: 0px; margin: 2px; padding: 0px;\" src=\"http:\/\/www.ohashi.vn\/wp-content\/uploads\/2014\/11\/Red-Cross.png\" alt=\"Red Cross\" width=\"69\" height=\"66\" \/><\/a>An to\u00e0n s\u1ee9c kh\u1ecfe<\/span><\/span><\/h2>\n<p><span style=\"font-family: 'times new roman', times; font-size: medium;\">N\u1ebfu nh\u01b0 \u0111\u00e3 \u0111\u1ecdc b\u00e0i &#8220;<a title=\"Gi\u1eb7t kh\u00f4 l\u00e0 g\u00ec\" href=\"http:\/\/www.ohashi.vn\/giat-kho-la-gi\/\">Gi\u1eb7t kh\u00f4 l\u00e0 g\u00ec<\/a>&#8220;, c\u00e1c b\u1ea1n bi\u1ebft \u0111\u01b0\u1ee3c gi\u1eb7t kh\u00f4 ch\u00ednh l\u00e0 s\u1eed d\u1ee5ng dung m\u00f4i h\u00f3a h\u1ecdc l\u00e0m nguy\u00ean li\u1ec7u ch\u00ednh \u0111\u1ec3 gi\u1eb7t v\u00e0 PERC l\u00e0 dung m\u00f4i ph\u1ed5 bi\u1ebfn nh\u1ea5t hi\u1ec7n t\u1ea1i. PERC \u0111\u01b0\u1ee3c ph\u00e1t hi\u1ec7n v\u00e0 s\u1eed d\u1ee5ng v\u00e0o nh\u1eefng n\u0103m 1930s v\u00e0 v\u1eabn c\u00f2n \u0111\u01b0\u1ee3c s\u1eed d\u1ee5ng r\u1ed9ng r\u00e3i \u1edf th\u1eddi \u0111i\u1ec3m hi\u1ec7n t\u1ea1i. Tuy nhi\u00ean, nh\u1eefng nghi\u00ean c\u1ee9u g\u1ea7n \u0111\u00e2y cho th\u1ea5y PERC c\u00f3 nguy c\u01a1 cao \u1ea3nh h\u01b0\u1edfng t\u1edbi s\u1ee9c kh\u1ecfe con ng\u01b0\u1eddi.\u00a0<\/span><\/p>\n<p><span style=\"font-family: 'times new roman', times; font-size: medium;\">\u1ede Ohashi, ch\u00fang t\u00f4i lu\u00f4n th\u1eadn tr\u1ecdng tr\u01b0\u1edbc s\u1ee9c kh\u1ecfe c\u1ee7a kh\u00e1ch h\u00e0ng, nh\u00e2n vi\u00ean v\u00e0 c\u1ed9ng \u0111\u1ed3ng \u00a0xung quanh. V\u00ec th\u1ebf, ch\u00fang t\u00f4i kh\u00f4ng s\u1eed d\u1ee5ng PERC trong gi\u1eb7t kh\u00f4. Thay v\u00e0o \u0111\u00f3, ch\u00fang t\u00f4i s\u1eed d\u1ee5ng dung m\u00f4i hydrocarbon, \u0111\u00e2y ch\u00ednh l\u00e0 m\u1ed9t trong s\u1ed1 4 gi\u1ea3i ph\u00e1p thay th\u1ebf PERC trong gi\u1eb7t kh\u00f4 \u0111\u01b0\u1ee3c \u1ee6y Ban B\u1ea3o v\u1ec7 M\u00f4i Tr\u01b0\u1eddng Hoa K\u1ef3 \u0111\u1ec1 ngh\u1ecb. (\u0111\u1ecdc b\u00e0i \u0111\u1ea7y \u0111\u1ee7 \u1edf \u0111\u00e2y\u00a0http:\/\/www.epa.gov\/region2\/capp\/dryclean.htm )<\/span><\/p>\n<p><span style=\"font-family: 'times new roman', times; font-size: medium;\">V\u00ec nh\u1eefng l\u00fd do an to\u00e0n cho s\u1ee9c kh\u1ecfe, ch\u00fang t\u00f4i mu\u1ed1n c\u00e1c b\u1ea1n \u0111\u1ecdc b\u1ea3n b\u00e1o c\u00e1o \u0111\u01b0\u1ee3c l\u01b0\u1ee3c d\u1ecbch n\u00e0y v\u00e0 qua \u0111\u00f3 \u00edt nh\u1ea5t, c\u00e1c b\u1ea1n c\u00f3 th\u1ec3 h\u1ecfi nh\u00e0 cung c\u1ea5p dich v\u1ee5 gi\u1eb7t kh\u00f4 &#8220;Anh s\u1eed d\u1ee5ng dung m\u00f4i gi\u1eb7t kh\u00f4 g\u00ec ?&#8221; . Ch\u00fang t\u00f4i hy v\u1ecdng b\u1ea1n s\u1ebd kh\u00f4ng \u0111\u00e1nh \u0111\u1ed5i s\u1ee9c kh\u1ecfe c\u1ee7a m\u00ecnh \u0111\u1ec3 s\u1eed d\u1ee5ng d\u1ecbch v\u1ee5 gi\u1eb7t kh\u00f4 v\u1edbi gi\u00e1 r\u1ebb \u00a0<\/span><\/p>\n<p><span style=\"font-family: 'times new roman', times; font-size: medium;\">Ho\u1eb7c c\u00e1c b\u1ea1n c\u00f3 th\u1ec3 \u0111\u1ecdc b\u1ea3n b\u00e1o c\u00e1o \u0111\u1ea7y \u0111\u1ee7 \u1edf link n\u00e0y (http:\/\/www.cancer.org\/cancer\/cancercauses\/othercarcinogens\/intheworkplace\/tetrachlorethylene-perchloroethylene)<\/span><\/p>\n<p><span style=\"font-family: 'times new roman', times; font-size: medium;\"><strong><b><div class=\"woo-sc-box normal xlarge rounded full\"><\/b>Percholoethlene (hay Perc)\u00a0<\/strong><\/span><\/p>\n<p><span style=\"font-family: 'times new roman', times;font-size: medium\">Percholoroethylene c\u00f2n c\u00f3 t\u00ean kh\u00e1c l\u00e0 Tetraclorehylene, PERC l\u00e0 dung m\u00f4i \u0111\u01b0\u1ee3c ph\u00e1t minh t\u1eeb nh\u1eefng n\u0103m 1930 v\u00e0 \u0111\u01b0\u1ee3c d\u00f9ng r\u1ed9ng r\u00e3i trong l\u0129nh v\u1ef1c gi\u1eb7t kh\u00f4. N\u00f3 c\u00f3 t\u00e1c d\u1ee5ng t\u1ea9y c\u00e1c v\u1ebft b\u1ea9n c\u00f3 ngu\u1ed3n g\u1ed1c t\u1eeb d\u1ea7u m\u1ee1 m\u00e0 kh\u00f4ng g\u00e2y \u1ea3nh h\u01b0\u1edfng t\u1edbi s\u1ee3i v\u1ea3i.<\/span><\/p>\n<p><span style=\"font-family: 'times new roman', times;font-size: medium\">Ngo\u00e0i ra, Perc c\u00f2n c\u00f3 c\u00f4ng d\u1ee5ng t\u1ea9y r\u1eeda b\u1ec1 m\u1eb7t kim lo\u1ea1i, gi\u00fap ch\u00fang s\u00e1ng b\u00f3ng h\u01a1n<\/span><\/p>\n<h3><span style=\"font-family: 'times new roman', times;font-size: medium\"><strong>Ch\u00fang ta ti\u1ebfp x\u00fac v\u1edbi Percholoethlene nh\u01b0 th\u1ebf n\u00e0o?<\/strong><\/span><\/h3>\n<p><span style=\"font-family: 'times new roman', times;font-size: medium\">Perc hay Tetrachlorethylene t\u1ed3n t\u1ea1i \u1edf th\u1ec3 l\u1ecfng \u1edf nhi\u1ec7t \u0111\u1ed9 ph\u00f2ng nh\u01b0ng d\u1ec5 d\u00e0ng bay h\u01a1i. Ch\u00fang hi\u1ec7n di\u1ec7n kh\u1eafp n\u01a1i, \u1edf trong \u0111\u1ea5t, n\u01b0\u1edbc, kh\u00f4ng kh\u00ed v\u00e0 c\u1ea3 trong th\u1ef1c ph\u1ea9m h\u00e0ng ng\u00e0y c\u1ee7a ch\u00fang ta, d\u0129 nhi\u00ean v\u1edbi m\u1ed9t l\u01b0\u1ee3ng r\u1ea5t nh\u1ecf kh\u00f4ng g\u00e2y \u1ea3nh h\u01b0\u1edfng t\u1edbi s\u1ee9c kh\u1ecfe.<\/span><\/p>\n<p><span style=\"font-family: 'times new roman', times;font-size: medium\"><a href=\"http:\/\/www.ohashi.vn\/wp-content\/uploads\/2014\/11\/Human-breathing.jpg\"><img loading=\"lazy\" decoding=\"async\" class=\"size-thumbnail wp-image-1683 alignleft\" style=\"border: 0px;margin: 1px\" src=\"http:\/\/www.ohashi.vn\/wp-content\/uploads\/2014\/11\/Human-breathing-120x90.jpg\" alt=\"Human breathing\" width=\"120\" height=\"90\" \/><\/a><a href=\"http:\/\/www.ohashi.vn\/wp-content\/uploads\/2014\/11\/Soil.jpg\"><img loading=\"lazy\" decoding=\"async\" class=\"size-thumbnail wp-image-1684 alignleft\" style=\"border: 0px;margin: 1px\" src=\"http:\/\/www.ohashi.vn\/wp-content\/uploads\/2014\/11\/Soil-120x90.jpg\" alt=\"Soil\" width=\"120\" height=\"90\" \/><\/a><a href=\"http:\/\/www.ohashi.vn\/wp-content\/uploads\/2014\/11\/Food.jpg\"><img loading=\"lazy\" decoding=\"async\" class=\"size-thumbnail wp-image-1686 alignleft\" style=\"border: 0px;margin: 1px\" src=\"http:\/\/www.ohashi.vn\/wp-content\/uploads\/2014\/11\/Food-120x90.jpg\" alt=\"Food\" width=\"120\" height=\"90\" \/><\/a><a href=\"http:\/\/www.ohashi.vn\/wp-content\/uploads\/2014\/11\/Water.jpg\"><img loading=\"lazy\" decoding=\"async\" class=\"size-thumbnail wp-image-1685 alignleft\" style=\"border: 0px;margin: 1px\" src=\"http:\/\/www.ohashi.vn\/wp-content\/uploads\/2014\/11\/Water-120x90.jpg\" alt=\"Water\" width=\"120\" height=\"90\" \/><\/a><\/span><\/p>\n<p><span style=\"font-family: 'times new roman', times;font-size: medium\">Do \u0111\u00f3, m\u1ed9t \u0111i\u1ec1u ch\u1eafc ch\u1eafn l\u00e0 ch\u00fang ta ti\u1ebfp x\u00fac h\u00e0ng ng\u00e0y m\u1ed9t l\u01b0\u1ee3ng nh\u1ecf ch\u1ea5t n\u00e0y. Tuy nhi\u00ean, ph\u1ea7n l\u1edbn c\u00e1c ch\u1ea5t ng\u00e0y \u0111\u1ec1u \u0111\u01b0\u1ee3c th\u1ea3i ra ngo\u00e0i khi ch\u00fang ta th\u1edf (m\u1ed9t l\u01b0\u1ee3ng nh\u1ecf v\u1eabn t\u1ed3n t\u1ea1i trong c\u01a1 th\u1ec3 v\u00e0 chuy\u1ec3n h\u00f3a th\u00e0nh c\u00e1c ch\u1ea5t kh\u00e1c v\u00e0 th\u1ea3i ra ngo\u00e0i trong c\u01a1 th\u1ec3 th\u00f4ng qua b\u00e0i ti\u1ebft)<\/span><\/p>\n<h3><span style=\"font-family: 'times new roman', times;font-size: medium\"><strong>Percholoethelene \u1ea3nh h\u01b0\u1edfng nh\u01b0 th\u1ebf n\u00e0o \u0111\u1ed1i v\u1edbi s\u1ee9c kh\u1ecfe ch\u00fang ta?<\/strong><\/span><\/h3>\n<p><span style=\"font-family: 'times new roman', times;font-size: medium\">Th\u1ef1c t\u1ebf l\u00e0 ch\u00fang ta v\u1eabn ti\u1ebfp x\u00fac v\u1edbi PERC h\u00e0ng ng\u00e0y \u1edf m\u1ed9t l\u01b0\u1ee3ng nh\u1ecf, v\u00e0 \u1edf m\u1ee9c \u0111\u1ed9 n\u00e0y, ch\u00fang g\u1ea7n nh\u01b0 kh\u00f4ng g\u00e2y ra b\u1ea5t c\u1ee9 tri\u1ec7u ch\u1ee9ng g\u00ec. H\u00e0m l\u01b0\u1ee3ng ti\u00eau chu\u1ea9n PERC c\u00f3 trong n\u01b0\u1edbc do \u1ee6y Ban B\u1ea3o V\u1ec7 M\u00f4i Tr\u01b0\u1eddng (EPA) v\u00e0 C\u01a1 quan Th\u1ea9m \u0110\u1ecbnh Thu\u1ed1c v\u00e0 Th\u1ef1c Ph\u1ea9m (FDA) ch\u1ea5p nh\u1eadn l\u00e0 0.005mg\/L. Theo \u1ee6y Ban An To\u00e0n v\u00e0 S\u1ee9c Kh\u1ecfe Lao \u0110\u1ed9ng, H\u00e0m l\u01b0\u1ee3ng PERC kh\u00f4ng \u0111\u01b0\u1ee3c v\u01b0\u1ee3t qu\u00e1 100 ppm trong 8 ti\u1ebfng l\u00e0m vi\u1ec7c v\u00e0 ti\u1ebfp x\u00fac t\u1ed1i \u0111a 300 ppm trong v\u00f2ng 5 ph\u00fat<\/span><\/p>\n<p><span style=\"font-family: 'times new roman', times;font-size: medium\">Theo c\u01a1 quan ung th\u01b0 c\u1ee7a M\u1ef9 (American Cancer Society), Perc c\u00f3 m\u1ed1i li\u00ean h\u1ec7 m\u1eadt thi\u1ebft t\u1edbi kh\u1ea3 n\u0103ng cao m\u1eafc b\u1ec7nh ung th\u01b0 \u1edf c\u00e1c \u0111\u01b0\u1eddng ti\u00eau h\u00f3a (g\u1ed3m ru\u1ed9t, th\u1ef1c qu\u1ea3n, d\u1ea1 d\u00e0y, gan) v\u00e0 ung th\u01b0 th\u1eadn. <a title=\"PERC, li\u1ec7u ch\u00fang c\u00f3 th\u1eadt s\u1ef1 an to\u00e0n?\" href=\"http:\/\/www.ohashi.vn\/tieng-viet-perc-lieu-chung-co-su-toan\/\"><span style=\"font-size: small\">\u0111\u1ecdc th\u00eam<\/span><\/a> \u00a0 \u00a0 \u00a0 \u00a0 \u00a0 \u00a0 \u00a0 \u00a0 \u00a0 \u00a0 \u00a0 \u00a0 \u00a0\u00a0<\/span><span style=\"font-family: 'times new roman', times;font-size: medium\">\u00a0 \u00a0 \u00a0 \u00a0 \u00a0 \u00a0 \u00a0 \u00a0 \u00a0 \u00a0 \u00a0 \u00a0 \u00a0 \u00a0 \u00a0 \u00a0 \u00a0 <\/div><\/span><\/p>","protected":false},"excerpt":{"rendered":"<p>\u00a0 Th\u00f4ng tin c\u1ea7n bi\u1ebft L\u0129nh v\u1ef1c gi\u1eb7t \u1ee7i chuy\u00ean nghi\u1ec7p c\u00f2n t\u01b0\u01a1ng \u0111\u1ed1i m\u1edbi \u1edf Vi\u1ec7t Nam, v\u00ec th\u1ebf ch\u00fang t\u00f4i mu\u1ed1n cung c\u1ea5p cho c\u00e1c b\u1ea1n m\u1ed9t s\u1ed1 th\u00f4ng tin c\u01a1 b\u1ea3n v\u1ec1 ng\u00e0nh n\u00e0y v\u00e0 qua \u0111\u00f3 b\u1ea1n c\u00f3 \u0111\u01b0\u1ee3c c\u00e1i nh\u00ecn t\u1ed5ng qu\u00e1t B\u00e0i: Gi\u1eb7t kh\u00f4 l\u00e0 g\u00ec B\u00e0i:\u00a0T\u1ea1i sao ph\u1ea3i [&hellip;]<\/p>\n","protected":false},"author":2,"featured_media":768,"parent":0,"menu_order":0,"comment_status":"open","ping_status":"closed","template":"template-fullwidth.php","meta":{"ngg_post_thumbnail":0,"footnotes":""},"class_list":["post-24","page","type-page","status-publish","has-post-thumbnail","hentry"],"_links":{"self":[{"href":"https:\/\/www.ohashi.vn\/vi\/wp-json\/wp\/v2\/pages\/24"}],"collection":[{"href":"https:\/\/www.ohashi.vn\/vi\/wp-json\/wp\/v2\/pages"}],"about":[{"href":"https:\/\/www.ohashi.vn\/vi\/wp-json\/wp\/v2\/types\/page"}],"author":[{"embeddable":true,"href":"https:\/\/www.ohashi.vn\/vi\/wp-json\/wp\/v2\/users\/2"}],"replies":[{"embeddable":true,"href":"https:\/\/www.ohashi.vn\/vi\/wp-json\/wp\/v2\/comments?post=24"}],"version-history":[{"count":161,"href":"https:\/\/www.ohashi.vn\/vi\/wp-json\/wp\/v2\/pages\/24\/revisions"}],"predecessor-version":[{"id":2236,"href":"https:\/\/www.ohashi.vn\/vi\/wp-json\/wp\/v2\/pages\/24\/revisions\/2236"}],"wp:featuredmedia":[{"embeddable":true,"href":"https:\/\/www.ohashi.vn\/vi\/wp-json\/wp\/v2\/media\/768"}],"wp:attachment":[{"href":"https:\/\/www.ohashi.vn\/vi\/wp-json\/wp\/v2\/media?parent=24"}],"curies":[{"name":"wp","href":"https:\/\/api.w.org\/{rel}","templated":true}]}}