{"id":1074,"date":"2013-08-20T16:36:15","date_gmt":"2013-08-20T09:36:15","guid":{"rendered":"http:\/\/www.ohashi.vn\/?page_id=1074"},"modified":"2015-09-03T17:14:36","modified_gmt":"2015-09-03T10:14:36","slug":"tieng-viet-phat-trien-ben-vung","status":"publish","type":"page","link":"https:\/\/www.ohashi.vn\/vi\/tieng-viet-phat-trien-ben-vung\/","title":{"rendered":"Ph\u00e1t Tri\u1ec3n B\u1ec1n V\u1eefng"},"content":{"rendered":"<p><\/p>\n<h1><span style=\"font-family: 'times new roman', times; font-size: x-large; color: #339966;\"><b>Ph\u00e1t tri\u1ec3n b\u1ec1n v\u1eefng<\/b><\/span><\/h1>\n<p><span style=\"font-family: 'times new roman', times; font-size: medium;\">\u0110\u1ed1i v\u1edbi Ohashi, ph\u00e1t tri\u1ec3n b\u1ec1n v\u1eefng ch\u00ednh l\u00e0 c\u00e2n b\u1eb1ng, h\u00e0i h\u00f2a v\u00e0 b\u1ea3o v\u1ec7 c\u00e1c y\u1ebfu t\u1ed1 kh\u00e1ch h\u00e0ng, m\u1ed9i tr\u01b0\u1eddng v\u00e0 c\u1ed9ng \u0111\u1ed3ng v\u00e0 v\u01b0\u1ee3t qua nh\u1eefng y\u00eau c\u1ea7u b\u1eaft bu\u1ed9c v\u1ec1 ph\u00e1p l\u00fd. Ch\u00fang t\u00f4i tin r\u1eb1ng, ho\u1ea1t \u0111\u1ed9ng m\u1ed9t c\u00e1ch c\u00f3 tr\u00e1ch nhi\u1ec7m \u0111\u1ed1i v\u1edbi c\u1ed9ng \u0111\u1ed3ng, x\u00e3 h\u1ed9i v\u00e0 m\u00f4i tr\u01b0\u1eddng l\u00e0 t\u1ed1i \u00a0quan tr\u1ecdng v\u00ec \u0111\u00f3 c\u0169ng ch\u00ednh l\u00e0 n\u00ean t\u1ea3ng c\u1ee7a s\u1ef1 ph\u00e1t tri\u1ec3n c\u1ee7a doanh nghi\u1ec7p.<\/span><\/p>\n<p><span style=\"font-family: 'times new roman', times; font-size: medium;\">\u00a0<\/span><\/p>\n<h4 style=\"text-indent: 5px;\"><span style=\"font-family: 'times new roman', times; white-space: normal; font-size: medium;\"><a href=\"http:\/\/www.ohashi.vn\/wp-content\/uploads\/2013\/08\/good-health.jpg\"><img loading=\"lazy\" decoding=\"async\" class=\"alignleft  wp-image-1668\" style=\"border: 0px; margin-left: 10px; margin-right: 10px;\" alt=\"Healthy symbol\" src=\"http:\/\/www.ohashi.vn\/wp-content\/uploads\/2013\/08\/good-health.jpg\" width=\"150\" height=\"150\" \/><\/a><\/span><\/h4>\n<h4><span style=\"font-family: 'times new roman', times; font-size: large; color: #339966;\"><b>B\u1ea3o v\u1ec7 s\u1ee9c kh\u1ecfe<\/b><\/span><\/h4>\n<p><span style=\"font-size: medium; font-family: 'times new roman', times;\"><b><\/b>Ngay t\u1eeb khi \u00fd t\u01b0\u1edfng kinh doanh d\u1ecbch v\u1ee5 gi\u1eb7t \u1ee7i cao c\u1ea5p \u0111\u01b0\u1ee3c nhen nh\u00f3m, b\u1ea3o v\u1ec7 s\u1ee9c kh\u1ecfe kh\u00e1ch h\u00e0ng v\u00e0 s\u1ef1 an to\u00e0n c\u1ee7a c\u1ed9ng \u0111\u1ed3ng xung quanh lu\u00f4n \u0111\u01b0\u1ee3c ch\u00fang t\u00f4i \u01b0u ti\u00ean. Ch\u00fang t\u00f4i tin r\u1eb1ng cam k\u1ebft b\u1ea3o v\u1ec7 s\u1ee9c kh\u1ecfe kh\u00e1ch h\u00e0ng v\u00e0 s\u1ef1 an to\u00e0n c\u1ee7a c\u1ed9ng \u0111\u1ed3ng l\u00e0 n\u1ec1n t\u1ea3ng v\u1eefng ch\u1eafc cho s\u1ef1 ph\u00e1t tri\u1ec3n trong t\u01b0\u01a1ng lai<\/span><\/p>\n<h4><\/h4>\n<h4><span style=\"font-family: 'times new roman', times; font-size: large; color: #339966;\"><b>H\u00e0nh \u0111\u1ed9ng c\u1ee7a ch\u00fang t\u00f4i<\/b><\/span><\/h4>\n<p><span style=\"font-size: medium; font-family: 'times new roman', times;\"><b><\/b>V\u00ec nh\u1eefng l\u00fd do li\u00ean quan \u0111\u1ebfn s\u1ee9c kh\u1ecfe c\u1ee7a con ng\u01b0\u1eddi,\u00a0dung m\u00f4i PERC kh\u00f4ng \u0111\u01b0\u1ee3c Ohashi l\u1ef1a ch\u1ecdn d\u00f9ng trong vi\u1ec7c gi\u1eb7t kh\u00f4. Thay v\u00e0o \u0111\u00f3, Ohashi quy\u1ebft \u0111\u1ecbnh \u0111\u1ea7u t\u01b0 m\u00e1y m\u00f3c hi\u1ec7n \u0111\u1ea1i \u0111\u1ec3 c\u00f3 th\u1ec3 s\u1eed d\u1ee5ng dung m\u00f4i h\u1eefu c\u01a1 m\u1edbi (Hydrocarbon) trong gi\u1eb7t kh\u00f4. M\u1eb7c d\u00f9 \u0111\u00e2y v\u1eabn ch\u01b0a ph\u1ea3i l\u00e0 c\u00f4ng ngh\u1ec7 ti\u00ean ti\u1ebfn nh\u1ea5t, nh\u01b0ng x\u00e9t d\u01b0\u1edbi g\u00f3c \u0111\u1ed9 trong vi\u1ec7c c\u00e2n b\u1eb1ng b\u1ea3o v\u1ec7 s\u1ee9c kh\u1ecfe con ng\u01b0\u1eddi v\u00e0 doanh nghi\u1ec7p , c\u00f3 th\u1ec3 n\u00f3i Ohashi \u0111\u00e3 \u0111\u1ea7u t\u01b0 \u0111\u00f3n \u0111\u1ea7u v\u00e0o xu h\u01b0\u1edbng c\u00f4ng ngh\u1ec7 k\u1ebf ti\u1ebfp trong ng\u00e0nh gi\u1eb7t \u1ee7i c\u1ee7a th\u1ebf gi\u1edbi.<\/span><\/p>\n<hr \/>\n<p><span style=\"font-family: 'times new roman', times; font-size: medium;\">\u00a0<\/span><\/p>\n<p><span style=\"font-family: 'times new roman', times; font-size: medium;\"><a href=\"http:\/\/www.ohashi.vn\/wp-content\/uploads\/2013\/08\/Environmental-symbol.jpg\"><img loading=\"lazy\" decoding=\"async\" class=\"wp-image-1667 alignright\" style=\"border: 0px; margin-left: 10px; margin-right: 10px;\" alt=\"Environmental symbol\" src=\"http:\/\/www.ohashi.vn\/wp-content\/uploads\/2013\/08\/Environmental-symbol-400x266.jpg\" width=\"280\" height=\"186\" srcset=\"https:\/\/www.ohashi.vn\/wp-content\/uploads\/2013\/08\/Environmental-symbol-400x266.jpg 400w, https:\/\/www.ohashi.vn\/wp-content\/uploads\/2013\/08\/Environmental-symbol.jpg 425w\" sizes=\"(max-width: 280px) 100vw, 280px\" \/><\/a><\/span><\/p>\n<h4><span style=\"font-family: 'times new roman', times; font-size: large; color: #339966;\"><b>B\u1ea3o v\u1ec7 m\u00f4i tr\u01b0\u1eddng<\/b><\/span><\/h4>\n<p><span style=\"font-family: 'times new roman', times;\"><span style=\"font-size: medium;\">\u0110\u1ed1i v\u1edbi c\u00e1c c\u00f4ng ty Nh\u1eadt B\u1ea3n n\u00f3i chung v\u00e0 Ohashi n\u00f3i ri\u00eang, b\u1ea3o v\u1ec7 m\u00f4i tr\u01b0\u1eddng l\u00e0 m\u1ed9t trong nh\u1eefng cam k\u1ebft song h\u00e0nh v\u1edbi m\u1ee5c ti\u00eau ph\u00e1t tri\u1ec3n doanh nghi\u1ec7p.<\/span><span style=\"font-size: medium;\">V\u1edbi vi\u1ec7c s\u1eed d\u1ee5ng h\u01a1i n\u01b0\u1edbc n\u00f3ng d\u00f9ng trong qu\u00e1 tr\u00ecnh gi\u1eb7t \u1ee7i qu\u1ea7n \u00e1o, Ohashi c\u1ea7n s\u1eed d\u1ee5ng m\u1ed9t l\u01b0\u1ee3ng l\u1edbn nhi\u00ean li\u1ec7u s\u1ebd ph\u1ea3i s\u1eed d\u1ee5ng m\u1ed7i ng\u00e0y \u0111\u1ec3 c\u1ea5p n\u0103ng l\u01b0\u1ee3ng cho h\u1ec7 th\u1ed1ng n\u1ed3i h\u01a1i (t\u1ea1o h\u01a1i n\u01b0\u1edbc n\u00f3ng) v\u00e0 \u0111\u00f3 s\u1ebd l\u00e0 kinh t\u1ebf v\u00e0 l\u1ee3i nhu\u1eadn cao h\u01a1n khi s\u1eed d\u1ee5ng c\u00e1c nhi\u00ean li\u1ec7u nh\u01b0 c\u1ee7i, than ho\u1eb7c d\u1ea7u. Tuy nhi\u00ean, s\u1eed d\u1ee5ng c\u00e1c lo\u1ea1i nhi\u00ean li\u1ec7u h\u00f3a th\u1ea1ch n\u00e0y s\u1ebd th\u1ea3i m\u1ed9t l\u01b0\u1ee3ng l\u1edbn kh\u00ed th\u1ea3i CO<\/span><sub style=\"font-family: 'times new roman', times;\">2<\/sub><span style=\"font-size: medium;\">\u00a0 v\u00e0o m\u00f4i tr\u01b0\u1eddng v\u00e0 g\u00f3p ph\u1ea7n l\u00e0m tr\u00e1i \u0111\u1ea5t n\u00f3ng l\u00ean. <\/span><\/span><\/p>\n<h4><span style=\"color: #339966;\"><strong><span style=\"font-family: 'times new roman', times; font-size: large;\">H\u00e0nh \u0111\u1ed9ng c\u1ee7a ch\u00fang t\u00f4i<\/span><\/strong><\/span><\/h4>\n<p><span style=\"font-family: 'times new roman', times; font-size: medium;\">Ch\u00fang t\u00f4i cam k\u1ebft ti\u1ebfp t\u1ee5c s\u1eed d\u1ee5ng nhi\u00ean li\u1ec7u s\u1ea1ch nh\u01b0 gas v\u00e0 ti\u1ebfn t\u1edbi s\u1eed d\u1ee5ng n\u0103ng l\u01b0\u1ee3ng m\u1eb7t tr\u1eddi.\u00a0<\/span><\/p>\n<hr \/>\n<p><span style=\"font-family: 'times new roman', times; font-size: medium;\">\u00a0<\/span><\/p>\n<p><span style=\"font-family: 'times new roman', times; font-size: medium;\"><a href=\"http:\/\/www.ohashi.vn\/wp-content\/uploads\/2013\/08\/chinh-sua.png\"><img loading=\"lazy\" decoding=\"async\" class=\"alignleft  wp-image-1669\" style=\"border: 0px; margin-left: 10px; margin-right: 10px;\" alt=\"Hanger return\" src=\"http:\/\/www.ohashi.vn\/wp-content\/uploads\/2013\/08\/chinh-sua-254x266.png\" width=\"178\" height=\"186\" srcset=\"https:\/\/www.ohashi.vn\/wp-content\/uploads\/2013\/08\/chinh-sua-254x266.png 254w, https:\/\/www.ohashi.vn\/wp-content\/uploads\/2013\/08\/chinh-sua.png 291w\" sizes=\"(max-width: 178px) 100vw, 178px\" \/><\/a><\/span><\/p>\n<h4><span style=\"font-family: 'times new roman', times; font-size: large; color: #339966;\"><b>Ch\u01b0\u01a1ng tr\u00ecnh thu h\u1ed3i v\u00e0 t\u00e1i s\u1eed d\u1ee5ng m\u00f3c \u00e1o<\/b><\/span><\/h4>\n<p><span style=\"font-family: 'times new roman', times; font-size: medium;\">M\u1ed7i ng\u00e0y, Ohashi s\u1eed d\u1ee5ng m\u1ed9t l\u01b0\u1ee3ng l\u1edbn m\u00f3c nh\u1ef1a \u0111\u1ec3 treo \u00e1o, qu\u1ea7n c\u1ee7a kh\u00e1ch h\u00e0ng. Do \u0111\u00f3, \u0111\u00e2y s\u1ebd l\u00e0 l\u00e3ng ph\u00ed t\u00e0i nguy\u00ean r\u1ea5t l\u1edbn (\u0111i\u1ec7n,\u00a0 n\u01b0\u1edbc\u2026.) n\u1ebfu l\u01b0\u1ee3ng m\u00f3c nh\u1ef1a n\u00e0y kh\u00f4ng \u0111\u01b0\u1ee3c t\u00e1i s\u1eed d\u1ee5ng. Hi\u1ec3u r\u00f5 \u0111i\u1ec1u n\u00e0y, Ohashi \u0111\u00e3 tri\u1ec3n khai ch\u01b0\u01a1ng tr\u00ecnh thu h\u1ed3i m\u00f3c nh\u1ef1a v\u00e0 ch\u00fang t\u00f4i mong Qu\u00fd kh\u00e1ch s\u1ebd c\u00f9ng ch\u00fang t\u00f4i th\u1ef1c hi\u1ec7n m\u1ee5c ti\u00eau sau:<\/span><\/p>\n<p><span style=\"font-family: 'times new roman', times; font-size: medium;\">+ 80% l\u01b0\u1ee3ng m\u00f3c nh\u1ef1a c\u1ee7a kh\u00e1ch h\u00e0ng s\u1ebd \u0111\u01b0\u1ee3c thu h\u1ed3i v\u00e0 t\u00e1i s\u1eed d\u1ee5ng<\/span><\/p>\n<p><span style=\"font-family: 'times new roman', times; font-size: medium;\">\u00a0<\/span><\/p>","protected":false},"excerpt":{"rendered":"<p>Ph\u00e1t tri\u1ec3n b\u1ec1n v\u1eefng \u0110\u1ed1i v\u1edbi Ohashi, ph\u00e1t tri\u1ec3n b\u1ec1n v\u1eefng ch\u00ednh l\u00e0 c\u00e2n b\u1eb1ng, h\u00e0i h\u00f2a v\u00e0 b\u1ea3o v\u1ec7 c\u00e1c y\u1ebfu t\u1ed1 kh\u00e1ch h\u00e0ng, m\u1ed9i tr\u01b0\u1eddng v\u00e0 c\u1ed9ng \u0111\u1ed3ng v\u00e0 v\u01b0\u1ee3t qua nh\u1eefng y\u00eau c\u1ea7u b\u1eaft bu\u1ed9c v\u1ec1 ph\u00e1p l\u00fd. Ch\u00fang t\u00f4i tin r\u1eb1ng, ho\u1ea1t \u0111\u1ed9ng m\u1ed9t c\u00e1ch c\u00f3 tr\u00e1ch nhi\u1ec7m \u0111\u1ed1i v\u1edbi c\u1ed9ng [&hellip;]<\/p>\n","protected":false},"author":2,"featured_media":0,"parent":0,"menu_order":0,"comment_status":"closed","ping_status":"closed","template":"template-fullwidth.php","meta":{"ngg_post_thumbnail":0,"footnotes":""},"class_list":["post-1074","page","type-page","status-publish","hentry"],"_links":{"self":[{"href":"https:\/\/www.ohashi.vn\/vi\/wp-json\/wp\/v2\/pages\/1074"}],"collection":[{"href":"https:\/\/www.ohashi.vn\/vi\/wp-json\/wp\/v2\/pages"}],"about":[{"href":"https:\/\/www.ohashi.vn\/vi\/wp-json\/wp\/v2\/types\/page"}],"author":[{"embeddable":true,"href":"https:\/\/www.ohashi.vn\/vi\/wp-json\/wp\/v2\/users\/2"}],"replies":[{"embeddable":true,"href":"https:\/\/www.ohashi.vn\/vi\/wp-json\/wp\/v2\/comments?post=1074"}],"version-history":[{"count":27,"href":"https:\/\/www.ohashi.vn\/vi\/wp-json\/wp\/v2\/pages\/1074\/revisions"}],"predecessor-version":[{"id":1367,"href":"https:\/\/www.ohashi.vn\/vi\/wp-json\/wp\/v2\/pages\/1074\/revisions\/1367"}],"wp:attachment":[{"href":"https:\/\/www.ohashi.vn\/vi\/wp-json\/wp\/v2\/media?parent=1074"}],"curies":[{"name":"wp","href":"https:\/\/api.w.org\/{rel}","templated":true}]}}