{"id":939,"date":"2013-08-14T08:38:52","date_gmt":"2013-08-14T01:38:52","guid":{"rendered":"http:\/\/www.ohashi.vn\/?page_id=939"},"modified":"2025-07-01T11:37:36","modified_gmt":"2025-07-01T04:37:36","slug":"lien-he-2-2","status":"publish","type":"page","link":"http:\/\/www.ohashi.vn\/vi\/lien-he-2-2\/","title":{"rendered":"Li\u00ean H\u1ec7"},"content":{"rendered":"<p><\/p>\n<h2><span style=\"font-family: 'times new roman', times;\">C\u00f4ng ty c\u1ed5 ph\u1ea7n OHASHI<\/span><\/h2>\n<h3><span style=\"font-family: 'times new roman', times;\">S\u1ed1 11 \u0110\u01b0\u1eddng 18, Ph\u01b0\u1eddng 11, Qu\u1eadn 6, Th\u00e0nh ph\u1ed1 H\u1ed3 Ch\u00ed Minh.<\/span><\/h3>\n<h3><span style=\"font-family: 'times new roman', times;\">\u0110T: (028) 22150844 &#8211; 0794 084 084<\/span><\/h3>\n<h3><span style=\"font-family: 'times new roman', times;\">Email: info@ohashi.vn<\/span><\/h3>\n<p>&nbsp;<\/p>\n<h2><span style=\"font-family: 'times new roman', times;\">C\u1eeda h\u00e0ng 1<\/span><\/h2>\n<h3><span style=\"font-family: 'times new roman', times;\">215 B5 Nguy\u1ec5n V\u0103n H\u01b0\u1edfng, P. Th\u1ea3o \u0110i\u1ec1n, Qu\u1eadn 2, Th\u00e0nh ph\u1ed1 H\u1ed3 Ch\u00ed Minh<\/span><\/h3>\n<h3><span style=\"font-family: 'times new roman', times;\">\u0110T: (028) 22162844 &#8211; 0794 084 084<\/span><\/h3>\n<p>&nbsp;<\/p>\n<h2><span style=\"font-family: 'times new roman', times;\">C\u1eeda h\u00e0ng&nbsp;2<\/span><\/h2>\n<h3><span style=\"font-family: 'times new roman', times;\">T\u1ea7ng 3- Qu\u1ea7y d\u1ecbch v\u1ee5 kh\u00e1ch h\u00e0ng- Trung t\u00e2m th\u01b0\u01a1ng m\u1ea1i Takashimaya, 92-94 Nam k\u1ef3 kh\u1edfi ngh\u0129a,&nbsp;Qu\u1eadn 1, Th\u00e0nh ph\u1ed1 H\u1ed3 Ch\u00ed Minh<\/span><\/h3>\n<h3><span style=\"font-family: 'times new roman', times;\">\u0110T: <\/span><span style=\"font-family: 'times new roman', times;\">(028) 22131844 &#8211; <\/span><span style=\"font-family: 'times new roman', times;\">0794 084 084<\/span><\/h3>\n<h3>&nbsp;<\/h3>\n<p><span style=\"font-family: 'times new roman', times;\">&nbsp;<\/span><\/p>","protected":false},"excerpt":{"rendered":"<p>C\u00f4ng ty c\u1ed5 ph\u1ea7n OHASHI S\u1ed1 11 \u0110\u01b0\u1eddng 18, Ph\u01b0\u1eddng 11, Qu\u1eadn 6, Th\u00e0nh ph\u1ed1 H\u1ed3 Ch\u00ed Minh. \u0110T: (028) 22150844 &#8211; 0794 084 084 Email: info@ohashi.vn &nbsp; C\u1eeda h\u00e0ng 1 215 B5 Nguy\u1ec5n V\u0103n H\u01b0\u1edfng, P. Th\u1ea3o \u0110i\u1ec1n, Qu\u1eadn 2, Th\u00e0nh ph\u1ed1 H\u1ed3 Ch\u00ed Minh \u0110T: (028) 22162844 &#8211; 0794 084 084 &nbsp; C\u1eeda [&hellip;]<\/p>\n","protected":false},"author":2,"featured_media":0,"parent":0,"menu_order":0,"comment_status":"closed","ping_status":"closed","template":"template-fullwidth.php","meta":{"ngg_post_thumbnail":0,"footnotes":""},"class_list":["post-939","page","type-page","status-publish","hentry"],"_links":{"self":[{"href":"http:\/\/www.ohashi.vn\/vi\/wp-json\/wp\/v2\/pages\/939"}],"collection":[{"href":"http:\/\/www.ohashi.vn\/vi\/wp-json\/wp\/v2\/pages"}],"about":[{"href":"http:\/\/www.ohashi.vn\/vi\/wp-json\/wp\/v2\/types\/page"}],"author":[{"embeddable":true,"href":"http:\/\/www.ohashi.vn\/vi\/wp-json\/wp\/v2\/users\/2"}],"replies":[{"embeddable":true,"href":"http:\/\/www.ohashi.vn\/vi\/wp-json\/wp\/v2\/comments?post=939"}],"version-history":[{"count":24,"href":"http:\/\/www.ohashi.vn\/vi\/wp-json\/wp\/v2\/pages\/939\/revisions"}],"predecessor-version":[{"id":2291,"href":"http:\/\/www.ohashi.vn\/vi\/wp-json\/wp\/v2\/pages\/939\/revisions\/2291"}],"wp:attachment":[{"href":"http:\/\/www.ohashi.vn\/vi\/wp-json\/wp\/v2\/media?parent=939"}],"curies":[{"name":"wp","href":"https:\/\/api.w.org\/{rel}","templated":true}]}}