{"id":87,"date":"2013-06-27T15:04:14","date_gmt":"2013-06-27T08:04:14","guid":{"rendered":"http:\/\/www.ohashi.vn\/?page_id=87"},"modified":"2016-01-21T15:34:15","modified_gmt":"2016-01-21T08:34:15","slug":"ve-ohashi","status":"publish","type":"page","link":"http:\/\/www.ohashi.vn\/vi\/ve-ohashi\/","title":{"rendered":"V\u1ec1 OHASHI"},"content":{"rendered":"<p><div id=\"attachment_768\" style=\"width: 144px\" class=\"wp-caption alignright\"><a href=\"http:\/\/www.ohashi.vn\/wp-content\/uploads\/2013\/06\/photo1.jpg\"><img loading=\"lazy\" decoding=\"async\" aria-describedby=\"caption-attachment-768\" class=\"wp-image-768  \" style=\"margin: 5px;\" alt=\"\" src=\"http:\/\/www.ohashi.vn\/wp-content\/uploads\/2013\/06\/photo1-439x490.jpg\" width=\"134\" height=\"151\" srcset=\"http:\/\/www.ohashi.vn\/wp-content\/uploads\/2013\/06\/photo1-439x490.jpg 439w, http:\/\/www.ohashi.vn\/wp-content\/uploads\/2013\/06\/photo1-238x266.jpg 238w\" sizes=\"(max-width: 134px) 100vw, 134px\" \/><\/a><p id=\"caption-attachment-768\" class=\"wp-caption-text\">Ohashi Hozumi<br \/>Chief of Engineer<\/p><\/div><\/p>\n<p><strong><span style=\"font-family: 'times new roman', times; font-size: x-large; color: #00bfff;\">V\u1ec1 Ohashi<\/span><\/strong><\/p>\n<p><span style=\"font-family: 'times new roman', times; font-size: medium;\"><span style=\"font-size: x-large;\"><span style=\"font-size: medium;\">C\u00f4ng ty Oha<\/span><\/span>shi l\u00e0 c\u00f4ng ty ho\u1ea1t \u0111\u1ed9ng \u1edf l\u0129nh v\u1ef1c gi\u1eb7t \u1ee7i do m\u1ed9t nh\u00f3m c\u00e1c nh\u00e0 \u0111\u1ea7u t\u01b0 c\u00f3 kinh nghi\u1ec7m v\u00e0 ho\u1ea1t \u0111\u1ed9ng l\u00e2u n\u0103m trong ng\u00e0nh gi\u1eb7t \u1ee7i \u1edf Nh\u1eadt B\u1ea3n tr\u1ef1c ti\u1ebfp \u0111\u1ea7u t\u01b0. Ohashi \u0111\u01b0\u1ee3c \u0111\u1eb7t theo t\u00ean c\u1ee7a \u00f4ng Ohashi Hozumi, ng\u01b0\u1eddi \u0111\u00e3 c\u00f3 h\u01a1n 60 n\u0103m ho\u1ea1t \u0111\u1ed9ng trong l\u0129nh v\u1ef1c gi\u1eb7t \u1ee7i v\u00e0 \u0111\u1ed3ng th\u1eddi l\u00e0 m\u1ed9t trong nh\u1eefng nh\u00e0 \u0111\u1ea7u t\u01b0 ch\u00ednh c\u1ee7a c\u00f4ng ty Ohashi.<\/span><\/p>\n<p><span style=\"font-family: 'times new roman', times; font-size: medium;\">C\u00f4ng ty Ohashi ra \u0111\u1eddi v\u1edbi \u0111\u1ecbnh h\u01b0\u1edbng cung c\u1ea5p d\u1ecbch v\u1ee5 gi\u1eb7t \u1ee7i ch\u1ea5t l\u01b0\u1ee3ng cao h\u01b0\u1edbng t\u1edbi c\u00e1c kh\u00e1ch h\u00e0ng s\u1eed d\u1ee5ng c\u00e1c s\u1ea3n ph\u1ea9m th\u1eddi trang cao c\u1ea5p; do \u0111\u00f3 \u1edf Ohashi, ch\u00fang t\u00f4i ho\u1ea1t \u0111\u1ed9ng theo m\u00f4 h\u00ecnh gi\u1eb7t \u1ee7i cao c\u1ea5p c\u1ee7a Nh\u1eadt b\u1ea3n v\u1edbi c\u00e1c trang thi\u1ebft b\u1ecb m\u00e1y m\u00f3c chuy\u00ean bi\u1ec7t ph\u1ee5c v\u1ee5 cho t\u1eebng lo\u1ea1i s\u1ea3n ph\u1ea9m th\u1eddi trang kh\u00e1c nhau. C\u00f9ng v\u1edbi s\u1ef1 hi\u1ec7n di\u1ec7n c\u1ee7a c\u00e1c k\u0129 thu\u1eadt vi\u00ean ng\u01b0\u1eddi Nh\u1eadt c\u00f3 nhi\u1ec1u n\u0103m kinh nghi\u1ec7m tr\u1ef1c ti\u1ebfp l\u00e0m vi\u1ec7c t\u1ea1i c\u00f4ng ty Ohashi , ch\u00fang t\u00f4i tin r\u1eb1ng Ohashi s\u1ebd l\u00e0 n\u01a1i kh\u00e1ch h\u00e0ng tin c\u1eady trong vi\u1ec7c gi\u1eb7t \u1ee7i v\u00e0\u00a0b\u1ea3o qu\u1ea3n c\u00e1c s\u1ea3n ph\u1ea9m th\u1eddi trang cao c\u1ea5p \u00a0\u00a0\u00a0<\/span><\/p>\n<p><span style=\"text-decoration: underline;\"><strong><span style=\"font-family: 'times new roman', times; font-size: medium;\">C\u00e1c c\u1ed9t m\u1ed1c quan tr\u1ecdng:<\/span><\/strong><\/span><\/p>\n<p style=\"text-align: left;\"><span style=\"font-family: 'times new roman', times; font-size: medium;\">10\/2013: Ohashi l\u00e0 \u0111\u1ed1i t\u00e1c ch\u00ednh cung c\u1ea5p c\u00e1c d\u1ecbch v\u1ee5 gi\u1eb7t \u1ee7i c\u1ee7a th\u01b0\u01a1ng hi\u1ec7u Ermenegildo Zegna t\u1ea1i th\u00e0nh ph\u1ed1 \u00a0H\u1ed3 Ch\u00ed Minh<\/span><\/p>\n<p style=\"text-align: left;\"><span style=\"font-family: 'times new roman', times; font-size: medium;\">02\/2014: \u00a0\u00a0Ohashi l\u00e0 \u0111\u1ed1i t\u00e1c ch\u00ednh cung c\u1ea5p d\u1ecbch v\u1ee5 gi\u1eb7t \u1ee7i cho d\u00f2ng h\u00e0ng\u00a0 th\u1eddi trang c\u1ee7a c\u1eeda h\u00e0ng LYNK<\/span><\/p>\n<p style=\"text-align: left;\"><span style=\"font-family: 'times new roman', times; font-size: medium;\">07\/2015: \u00a0Ohashi l\u00e0 \u0111\u1ed1i t\u00e1c ch\u00ednh cung c\u1ea5p d\u1ecbch v\u1ee5 gi\u1eb7t \u1ee7i cho th\u01b0\u01a1ng hi\u1ec7u Hermes v\u00e0 Hugo Boss thu\u1ed9c t\u1eadp \u00a0\u0111o\u00e0n Tam S\u01a1n t\u1ea1i th\u00e0nh ph\u1ed1 H\u1ed3 Ch\u00ed Minh<\/span><\/p>\n<p style=\"text-align: left;\"><span style=\"text-decoration: underline;\"><strong><span style=\"font-family: 'times new roman', times; font-size: medium;\">S\u1ee9 m\u1ec7nh c\u1ee7a Ohashi<\/span><\/strong><\/span><\/p>\n<p style=\"text-align: left;\"><span style=\"font-family: 'times new roman', times; font-size: medium;\">Ch\u00fang t\u00f4i cam k\u1ebft cung c\u1ea5p d\u1ecbch v\u1ee5 gi\u1eb7t \u1ee7i t\u1ed1t nh\u1ea5t v\u00e0 gi\u00fap Qu\u00fd kh\u00e1ch th\u00eam ph\u1ea7n t\u1ef1 tin \u1edf m\u1ed7i l\u1ea7n xu\u1ea5t hi\u1ec7n.<\/span><\/p>\n<p style=\"text-align: left;\"><span style=\"text-decoration: underline;\"><strong><span style=\"font-family: 'times new roman', times; font-size: medium;\">T\u1ea7m nh\u00ecn c\u1ee7a Ohashi<\/span><\/strong><\/span><\/p>\n<p style=\"text-align: left;\"><span style=\"font-family: 'times new roman', times; font-size: medium;\">Ch\u00fang t\u00f4i ph\u1ea5n \u0111\u1ea5u \u0111\u1ec3 lu\u00f4n l\u00e0 s\u1ef1 l\u1ef1a ch\u1ecdn h\u00e0ng \u0111\u1ea7u c\u1ee7a kh\u00e1ch h\u00e0ng v\u00e0 d\u1ecbch v\u1ee5 c\u1ee7a Ohashi tr\u1edf th\u00e0nh ti\u00eau chu\u1ea9n c\u1ee7a ng\u00e0nh gi\u1eb7t \u1ee7i cao c\u1ea5p.<\/span><\/p>\n<p><\/p>","protected":false},"excerpt":{"rendered":"<p>V\u1ec1 Ohashi C\u00f4ng ty Ohashi l\u00e0 c\u00f4ng ty ho\u1ea1t \u0111\u1ed9ng \u1edf l\u0129nh v\u1ef1c gi\u1eb7t \u1ee7i do m\u1ed9t nh\u00f3m c\u00e1c nh\u00e0 \u0111\u1ea7u t\u01b0 c\u00f3 kinh nghi\u1ec7m v\u00e0 ho\u1ea1t \u0111\u1ed9ng l\u00e2u n\u0103m trong ng\u00e0nh gi\u1eb7t \u1ee7i \u1edf Nh\u1eadt B\u1ea3n tr\u1ef1c ti\u1ebfp \u0111\u1ea7u t\u01b0. Ohashi \u0111\u01b0\u1ee3c \u0111\u1eb7t theo t\u00ean c\u1ee7a \u00f4ng Ohashi Hozumi, ng\u01b0\u1eddi \u0111\u00e3 c\u00f3 h\u01a1n 60 [&hellip;]<\/p>\n","protected":false},"author":2,"featured_media":0,"parent":0,"menu_order":2,"comment_status":"closed","ping_status":"closed","template":"template-fullwidth.php","meta":{"ngg_post_thumbnail":0,"footnotes":""},"class_list":["post-87","page","type-page","status-publish","hentry"],"_links":{"self":[{"href":"http:\/\/www.ohashi.vn\/vi\/wp-json\/wp\/v2\/pages\/87"}],"collection":[{"href":"http:\/\/www.ohashi.vn\/vi\/wp-json\/wp\/v2\/pages"}],"about":[{"href":"http:\/\/www.ohashi.vn\/vi\/wp-json\/wp\/v2\/types\/page"}],"author":[{"embeddable":true,"href":"http:\/\/www.ohashi.vn\/vi\/wp-json\/wp\/v2\/users\/2"}],"replies":[{"embeddable":true,"href":"http:\/\/www.ohashi.vn\/vi\/wp-json\/wp\/v2\/comments?post=87"}],"version-history":[{"count":106,"href":"http:\/\/www.ohashi.vn\/vi\/wp-json\/wp\/v2\/pages\/87\/revisions"}],"predecessor-version":[{"id":2163,"href":"http:\/\/www.ohashi.vn\/vi\/wp-json\/wp\/v2\/pages\/87\/revisions\/2163"}],"wp:attachment":[{"href":"http:\/\/www.ohashi.vn\/vi\/wp-json\/wp\/v2\/media?parent=87"}],"curies":[{"name":"wp","href":"https:\/\/api.w.org\/{rel}","templated":true}]}}