{"id":748,"date":"2013-08-07T16:41:07","date_gmt":"2013-08-07T09:41:07","guid":{"rendered":"http:\/\/www.ohashi.vn\/?page_id=748"},"modified":"2014-05-10T10:18:38","modified_gmt":"2014-05-10T03:18:38","slug":"khieu-nai-2","status":"publish","type":"page","link":"http:\/\/www.ohashi.vn\/vi\/khieu-nai\/khieu-nai-2\/","title":{"rendered":"Khi\u1ebfu n\u1ea1i"},"content":{"rendered":"<p><\/p>\n<div style=\"border: 0.9px solid #00bfff; background-color: #00bfff; text-align: center;\"><span style=\"font-size: x-large; color: #ffffff; font-family: 'times new roman', times;\">Khi\u1ebfu N\u1ea1i<\/span><\/div>\n<p style=\"font-size: large; text-align: left;\"><span style=\"font-family: 'times new roman', times;\">OHASHI c\u1ea3m \u01a1n s\u1ef1 \u1ee7ng h\u1ed9 c\u1ee7a Qu\u00fd kh\u00e1ch. Ch\u00fang t\u00f4i r\u1ea5t tr\u00e2n tr\u1ecdng nh\u1eefng \u00fd ki\u1ebfn g\u00f3p \u00fd c\u1ee7a Qu\u00fd kh\u00e1ch nh\u1eb1m n\u00e2ng cao ch\u1ea5t l\u01b0\u1ee3ng d\u1ecbch v\u1ee5 \u1edf OHASHI. Nh\u1eb1m b\u1ea3o v\u1ec7 cho quy\u1ec1n l\u1ee3i c\u1ee7a kh\u00e1ch h\u00e0ng, OHASHI cung c\u1ea5p m\u1eabu \u0111\u01a1n khi\u1ebfu n\u1ea1i g\u1eedi t\u1edbi Qu\u00fd kh\u00e1ch.<br \/>\n<span style=\"line-height: 19px;\">M\u1eabu \u0111\u01a1n khi\u1ebfu n\u1ea1i<\/span><\/span><\/p>\n<p style=\"font-size: large;\"><span style=\"font-family: 'times new roman', times;\"><img loading=\"lazy\" decoding=\"async\" class=\"alignleft  wp-image-649\" alt=\"\u0110\u01a1n khi\u1ebfu n\u1ea1i\" src=\"http:\/\/www.ohashi.vn\/wp-content\/uploads\/2013\/08\/\u0110\u01a1n-khi\u1ebfu-n\u1ea1i-348x490.jpg\" width=\"313\" height=\"441\" srcset=\"http:\/\/www.ohashi.vn\/wp-content\/uploads\/2013\/08\/\u0110\u01a1n-khi\u1ebfu-n\u1ea1i-348x490.jpg 348w, http:\/\/www.ohashi.vn\/wp-content\/uploads\/2013\/08\/\u0110\u01a1n-khi\u1ebfu-n\u1ea1i-189x266.jpg 189w\" sizes=\"(max-width: 313px) 100vw, 313px\" \/><\/span><\/p>\n<p style=\"font-size: large; text-align: left;\"><span style=\"font-family: 'times new roman', times;\"><a href=\"http:\/\/www.ohashi.vn\/wp-content\/uploads\/2013\/08\/\u0110\u01a1n-Khi\u1ebfu-N\u1ea1i.docx\">\u0110\u01a1n Khi\u1ebfu N\u1ea1i<\/a><\/span><\/p>\n<p style=\"font-size: large;\">\n<p><\/p>","protected":false},"excerpt":{"rendered":"<p>Khi\u1ebfu N\u1ea1i OHASHI c\u1ea3m \u01a1n s\u1ef1 \u1ee7ng h\u1ed9 c\u1ee7a Qu\u00fd kh\u00e1ch. Ch\u00fang t\u00f4i r\u1ea5t tr\u00e2n tr\u1ecdng nh\u1eefng \u00fd ki\u1ebfn g\u00f3p \u00fd c\u1ee7a Qu\u00fd kh\u00e1ch nh\u1eb1m n\u00e2ng cao ch\u1ea5t l\u01b0\u1ee3ng d\u1ecbch v\u1ee5 \u1edf OHASHI. Nh\u1eb1m b\u1ea3o v\u1ec7 cho quy\u1ec1n l\u1ee3i c\u1ee7a kh\u00e1ch h\u00e0ng, OHASHI cung c\u1ea5p m\u1eabu \u0111\u01a1n khi\u1ebfu n\u1ea1i g\u1eedi t\u1edbi Qu\u00fd kh\u00e1ch. M\u1eabu \u0111\u01a1n [&hellip;]<\/p>\n","protected":false},"author":2,"featured_media":0,"parent":237,"menu_order":0,"comment_status":"closed","ping_status":"closed","template":"template-fullwidth.php","meta":{"ngg_post_thumbnail":0,"footnotes":""},"class_list":["post-748","page","type-page","status-publish","hentry"],"_links":{"self":[{"href":"http:\/\/www.ohashi.vn\/vi\/wp-json\/wp\/v2\/pages\/748"}],"collection":[{"href":"http:\/\/www.ohashi.vn\/vi\/wp-json\/wp\/v2\/pages"}],"about":[{"href":"http:\/\/www.ohashi.vn\/vi\/wp-json\/wp\/v2\/types\/page"}],"author":[{"embeddable":true,"href":"http:\/\/www.ohashi.vn\/vi\/wp-json\/wp\/v2\/users\/2"}],"replies":[{"embeddable":true,"href":"http:\/\/www.ohashi.vn\/vi\/wp-json\/wp\/v2\/comments?post=748"}],"version-history":[{"count":19,"href":"http:\/\/www.ohashi.vn\/vi\/wp-json\/wp\/v2\/pages\/748\/revisions"}],"predecessor-version":[{"id":1380,"href":"http:\/\/www.ohashi.vn\/vi\/wp-json\/wp\/v2\/pages\/748\/revisions\/1380"}],"up":[{"embeddable":true,"href":"http:\/\/www.ohashi.vn\/vi\/wp-json\/wp\/v2\/pages\/237"}],"wp:attachment":[{"href":"http:\/\/www.ohashi.vn\/vi\/wp-json\/wp\/v2\/media?parent=748"}],"curies":[{"name":"wp","href":"https:\/\/api.w.org\/{rel}","templated":true}]}}