{"id":526,"date":"2013-08-05T06:41:34","date_gmt":"2013-08-04T23:41:34","guid":{"rendered":"http:\/\/www.ohashi.vn\/?page_id=526"},"modified":"2023-08-01T13:53:59","modified_gmt":"2023-08-01T06:53:59","slug":"giai-phap-doc-dao","status":"publish","type":"page","link":"http:\/\/www.ohashi.vn\/vi\/ve-ohashi\/giai-phap-doc-dao\/","title":{"rendered":"Gi\u1ea3i Ph\u00e1p \u0110\u1ed9c \u0110\u00e1o"},"content":{"rendered":"<p><\/p>\n<div style=\"background-color: #00bfff; border: 0.7px solid #00bfff;\">\n<h1 style=\"font-size: medium; text-align: center;\"><span style=\"font-size: x-large; color: #ffffff; font-family: 'times new roman', times;\">Gi\u1ea3i Ph\u00e1p \u0110\u1ed9c \u0110\u00e1o<\/span><\/h1>\n<\/div>\n<p style=\"font-size: medium;\"><span style=\"font-family: 'times new roman', times; font-size: medium;\">V\u1edbi c\u00f4ng ngh\u1ec7 ti\u00ean ti\u1ebfn t\u1eeb Nh\u1eadt B\u1ea3n, OHASHI l\u00e0 c\u00f4ng ty ti\u00ean phong trong vi\u1ec7c cung c\u1ea5p nh\u1eefng d\u1ecbch v\u1ee5 \u0111\u1eb7c bi\u1ec7t m\u00e0 qu\u00fd kh\u00e1ch kh\u00f3 c\u00f3 th\u1ec3 t\u00ecm \u0111\u01b0\u1ee3c \u1edf c\u00f4ng ty kh\u00e1c.<\/span><\/p>\n<ul>\n<li style=\"font-size: medium;\">\n<h2><span style=\"font-family: 'times new roman', times;\"><strong><span style=\"font-size: large; color: #00ccff;\">Ph\u01b0\u01a1ng ph\u00e1p t\u1ea9y \u0111i\u1ec3m &#8211; &#8220;Spot clean only&#8221;<\/span><span style=\"font-size: 13px; color: #00bfff;\">:<\/span><\/strong><\/span><\/h2>\n<\/li>\n<\/ul>\n<p><span style=\"font-family: 'times new roman', times; font-size: medium;\">Ph\u01b0\u01a1ng ph\u00e1p t\u1ea9y \u0111i\u1ec3m c\u00f3 ngh\u0129a b\u1ea1n ch\u1ec9 c\u00f3 th\u1ec3 l\u00e0m s\u1ea1ch c\u00e1c v\u1ebft b\u1ea9n trong qu\u00e1 tr\u00ecnh m\u1eb7c ho\u00e0n to\u00e0n b\u1eb1ng\u00a0 tay thay v\u00ec s\u1eed d\u1ee5ng c\u00e1c d\u1ecbch v\u1ee5 nh\u01b0 gi\u1eb7t n\u01b0\u1edbc hay gi\u1eb7t kh\u00f4 theo c\u00e1ch th\u00f4ng th\u01b0\u1eddng. Y\u00eau c\u1ea7u n\u00e0y th\u01b0\u1eddng \u0111\u01b0\u1ee3c y\u00eau c\u1ea7u tr\u00ean m\u1ed9t s\u1ed1 s\u1ea3n ph\u1ea9m th\u1eddi trang c\u00f3 c\u00e1c chi ti\u1ebft \u0111\u01b0\u1ee3c l\u00e0m ho\u00e0n to\u00e0n b\u1eb1ng tay ho\u1eb7c c\u00e1c v\u1eadt li\u1ec7u d\u1ec5 v\u1ee1 \u00a0\u00a0ho\u1eb7c c\u00f3 s\u1eed d\u1ee5ng c\u00e1c lo\u1ea1i v\u1ea3i d\u1ec5 ra m\u00e0u.<\/span><\/p>\n<p><span style=\"font-family: 'times new roman', times; font-size: medium;\">V\u1edbi ph\u01b0\u01a1ng ph\u00e1p n\u00e0y, c\u00e1c v\u1ebft b\u1ea9n s\u1ebd \u0111\u01b0\u1ee3c x\u1eed l\u00fd b\u1eb1ng c\u00e1ch s\u1eed d\u1ee5ng c\u00e1c lo\u1ea1i dung d\u1ecbch l\u00e0m s\u1ea1ch t\u1ea1i ch\u1ed7 b\u1ecb d\u00ednh b\u1ea9n. Do \u0111\u00f3, khi s\u1eed d\u1ee5ng c\u00e1c s\u1ea3n ph\u1ea9m n\u00e0y, b\u1ea1n h\u00e3y th\u00f4ng b\u00e1o cho n\u01a1i gi\u1eb7t \u1ee7i v\u1ec1 ngu\u1ed3n g\u1ed1c c\u1ee7a v\u1ebft b\u1ea9n v\u00e0 h\u00e3y c\u1ea9n th\u1eadn \u0111\u1ec3 tr\u00e1nh b\u1ecb d\u00ednh b\u1ea9n qu\u00e1 nhi\u1ec1u trong qu\u00e1 tr\u00ecnh s\u1eed d\u1ee5ng<\/span><\/p>\n<ul>\n<li style=\"font-size: medium;\">\n<h2><span style=\"font-family: 'times new roman', times;\"><strong><span style=\"font-size: large; color: #00ccff;\">Ch\u1ed1ng th\u1ea5m n\u01b0\u1edbc:<\/span><\/strong><\/span><\/h2>\n<\/li>\n<\/ul>\n<p><span style=\"font-family: 'times new roman', times; font-size: medium;\"><a href=\"http:\/\/www.ohashi.vn\/wp-content\/uploads\/2013\/08\/Waterproof.jpg\"><img loading=\"lazy\" decoding=\"async\" class=\"wp-image-2167 alignleft\" style=\"margin-left: 20px; margin-right: 20px;\" src=\"http:\/\/www.ohashi.vn\/wp-content\/uploads\/2013\/08\/Waterproof.jpg\" alt=\"Waterproof\" width=\"86\" height=\"94\" srcset=\"http:\/\/www.ohashi.vn\/wp-content\/uploads\/2013\/08\/Waterproof.jpg 425w, http:\/\/www.ohashi.vn\/wp-content\/uploads\/2013\/08\/Waterproof-241x266.jpg 241w\" sizes=\"(max-width: 86px) 100vw, 86px\" \/><\/a>V\u1edbi d\u1ecbch v\u1ee5 ch\u1ed1ng th\u1ea5m n\u01b0\u1edbc, Ohashi s\u1ebd t\u1ea1o m\u1ed9t l\u1edbp m\u00e0ng kh\u00e1ng n\u01b0\u1edbc tr\u00ean s\u1ea3n ph\u1ea9m c\u1ee7a Qu\u00fd kh\u00e1ch, do \u0111\u00f3 trang ph\u1ee5c c\u1ee7a Qu\u00fd kh\u00e1ch s\u1ebd \u0111\u01b0\u1ee3c b\u1ea3o v\u1ec7 trong tr\u01b0\u1eddng h\u1ee3p kh\u00f4ng may b\u1ecb \u0111\u1ed5 r\u01b0\u1ee3u, cafe,\u2026 khi \u0111i d\u1ef1 ti\u1ec7c.<br \/>\nL\u01b0u \u00fd: T\u00f9y theo t\u1eebng lo\u1ea1i v\u1ea3i m\u00e0 d\u1ecbch v\u1ee5 ch\u1ed1ng th\u1ea5m n\u01b0\u1edbc c\u00f3 th\u1ec3 \u00e1p d\u1ee5ng \u0111\u01b0\u1ee3c ho\u1eb7c kh\u00f4ng.<\/span><\/p>\n<p>&nbsp;<\/p>\n<ul style=\"font-size: medium;\">\n<li>\n<h2><span style=\"font-family: 'times new roman', times;\"><strong><span style=\"font-size: large; color: #00ccff;\">B\u1ea3o v\u1ec7 to\u00e0n di\u1ec7n:<\/span><\/strong><\/span><\/h2>\n<\/li>\n<\/ul>\n<p style=\"font-size: medium;\"><span style=\"font-family: 'times new roman', times; font-size: medium;\">Tr\u01b0\u1edbc khi \u0111\u01b0a v\u00e0o l\u1ed3ng gi\u1eb7t, c\u00e1c chi ti\u1ebft d\u1ec5 b\u1ecb t\u1ed5n h\u1ea1i trong qu\u00e1 tr\u00ecnh gi\u1eb7t \u1ee7i nh\u01b0 n\u00fat \u00e1o\/ qu\u1ea7n, c\u00e1c h\u1ea1t c\u01b0\u1eddm, \u0111\u00e1 qu\u00fd\u2026 s\u1ebd \u0111\u01b0\u1ee3c b\u1ea3o v\u1ec7 b\u1edfi m\u1ed9t lo\u1ea1i v\u1eadt li\u1ec7u \u0111\u1eb7c bi\u1ec7t nh\u1eb1m b\u1ea3o \u0111\u1ea3m ch\u00fang s\u1ebd kh\u00f4ng r\u01a1i\/ h\u01b0 h\u1ecfng trong qu\u00e1 tr\u00ecnh gi\u1eb7t.<\/span><\/p>\n<p><\/p>","protected":false},"excerpt":{"rendered":"<p>Gi\u1ea3i Ph\u00e1p \u0110\u1ed9c \u0110\u00e1o V\u1edbi c\u00f4ng ngh\u1ec7 ti\u00ean ti\u1ebfn t\u1eeb Nh\u1eadt B\u1ea3n, OHASHI l\u00e0 c\u00f4ng ty ti\u00ean phong trong vi\u1ec7c cung c\u1ea5p nh\u1eefng d\u1ecbch v\u1ee5 \u0111\u1eb7c bi\u1ec7t m\u00e0 qu\u00fd kh\u00e1ch kh\u00f3 c\u00f3 th\u1ec3 t\u00ecm \u0111\u01b0\u1ee3c \u1edf c\u00f4ng ty kh\u00e1c. Ph\u01b0\u01a1ng ph\u00e1p t\u1ea9y \u0111i\u1ec3m &#8211; &#8220;Spot clean only&#8221;: Ph\u01b0\u01a1ng ph\u00e1p t\u1ea9y \u0111i\u1ec3m c\u00f3 ngh\u0129a b\u1ea1n ch\u1ec9 [&hellip;]<\/p>\n","protected":false},"author":2,"featured_media":0,"parent":87,"menu_order":0,"comment_status":"open","ping_status":"closed","template":"template-fullwidth.php","meta":{"ngg_post_thumbnail":0,"footnotes":""},"class_list":["post-526","page","type-page","status-publish","hentry"],"_links":{"self":[{"href":"http:\/\/www.ohashi.vn\/vi\/wp-json\/wp\/v2\/pages\/526"}],"collection":[{"href":"http:\/\/www.ohashi.vn\/vi\/wp-json\/wp\/v2\/pages"}],"about":[{"href":"http:\/\/www.ohashi.vn\/vi\/wp-json\/wp\/v2\/types\/page"}],"author":[{"embeddable":true,"href":"http:\/\/www.ohashi.vn\/vi\/wp-json\/wp\/v2\/users\/2"}],"replies":[{"embeddable":true,"href":"http:\/\/www.ohashi.vn\/vi\/wp-json\/wp\/v2\/comments?post=526"}],"version-history":[{"count":48,"href":"http:\/\/www.ohashi.vn\/vi\/wp-json\/wp\/v2\/pages\/526\/revisions"}],"predecessor-version":[{"id":2228,"href":"http:\/\/www.ohashi.vn\/vi\/wp-json\/wp\/v2\/pages\/526\/revisions\/2228"}],"up":[{"embeddable":true,"href":"http:\/\/www.ohashi.vn\/vi\/wp-json\/wp\/v2\/pages\/87"}],"wp:attachment":[{"href":"http:\/\/www.ohashi.vn\/vi\/wp-json\/wp\/v2\/media?parent=526"}],"curies":[{"name":"wp","href":"https:\/\/api.w.org\/{rel}","templated":true}]}}