{"id":524,"date":"2013-08-05T06:40:40","date_gmt":"2013-08-04T23:40:40","guid":{"rendered":"http:\/\/www.ohashi.vn\/?page_id=524"},"modified":"2014-01-23T10:44:38","modified_gmt":"2014-01-23T03:44:38","slug":"dich-vu-chat-luong","status":"publish","type":"page","link":"http:\/\/www.ohashi.vn\/vi\/ve-ohashi\/dich-vu-chat-luong\/","title":{"rendered":"D\u1ecbch V\u1ee5 Ch\u1ea5t L\u01b0\u1ee3ng"},"content":{"rendered":"<p><\/p>\n<h1 style=\"font-size: large; background-color: #00bfff; text-align: center; border: 0.9px solid #00bfff;\"><span style=\"font-size: x-large; color: #ffffff;\">D\u1ecbch V\u1ee5 Ch\u1ea5t L\u01b0\u1ee3ng<\/span><\/h1>\n<p style=\"font-size: medium; text-align: left;\"><span style=\"font-family: 'times new roman', times;\">\u1ede OHASHI, ch\u1ea5t l\u01b0\u1ee3ng d\u1ecbch v\u1ee5 l\u00e0 m\u1ed1i quan t\u00e2m h\u00e0ng\u00a0\u0111\u1ea7u c\u1ee7a ch\u00fang t\u00f4i.\u00a0Sau khi ho\u00e0n th\u00e0nh\u00a0\u1edf m\u1ed9t c\u00f4ng\u00a0\u0111o\u1ea1n, to\u00e0n b\u1ed9 qu\u1ea7n\u00a0\u00e1o s\u1ebd\u00a0\u0111\u01b0\u1ee3c c\u00e1c chuy\u00ean gia ki\u1ec3m tra tr\u01b0\u1edbc khi ti\u1ebfp t\u1ee5c\u00a0\u0111\u01b0a v\u00e0o giai\u00a0\u0111o\u1ea1n ti\u1ebfp theo.\u00a0T\u1ea5t c\u1ea3 qu\u1ea7n\u00a0\u00e1o kh\u00f4ng\u00a0\u0111\u1ea1t chu\u1ea9n s\u1ebd\u00a0\u0111\u01b0\u1ee3c ki\u1ec3m tra v\u00e0 x\u1eed l\u00fd l\u1ea1i t\u1eeb\u00a0\u0111\u1ea7u.\u00a0\u0110i\u1ec1u n\u00e0y s\u1ebd\u00a0\u0111\u1ea3m b\u1ea3o\u00a0ch\u1ea5t l\u01b0\u1ee3ng gi\u1eb7t\u00a0\u1ee7i\u00a0\u1edf m\u1ee9c cao nh\u1ea5t. Quy tr\u00ecnh gi\u1eb7t \u1ee7i \u1edf OHASHI c\u00f3 th\u1ec3 \u0111\u01b0\u1ee3c t\u00f3m g\u1ecdn l\u1ea1i trong 5 b\u01b0\u1edbc:<\/span><\/p>\n<ul style=\"font-size: medium; text-align: left;\">\n<li style=\"font-size: medium; text-align: left;\"><span style=\"font-family: 'times new roman', times;\">Ki\u1ec3m tra qu\u1ea7n \u00e1o kh\u00e1ch h\u00e0ng<a href=\"http:\/\/www.ohashi.vn\/wp-content\/uploads\/2013\/08\/Service-process.png\"><img loading=\"lazy\" decoding=\"async\" class=\" wp-image-988 alignright\" alt=\"Service process\" src=\"http:\/\/www.ohashi.vn\/wp-content\/uploads\/2013\/08\/Service-process-870x391.png\" width=\"434\" height=\"195\" srcset=\"http:\/\/www.ohashi.vn\/wp-content\/uploads\/2013\/08\/Service-process-870x391.png 870w, http:\/\/www.ohashi.vn\/wp-content\/uploads\/2013\/08\/Service-process-472x212.png 472w, http:\/\/www.ohashi.vn\/wp-content\/uploads\/2013\/08\/Service-process.png 2027w\" sizes=\"(max-width: 434px) 100vw, 434px\" \/><\/a><\/span><\/li>\n<li style=\"font-size: medium; text-align: left;\"><span style=\"font-family: 'times new roman', times;\">G\u1eafn nh\u00e3n kh\u00e1ch h\u00e0ng<\/span><\/li>\n<li style=\"font-size: medium; text-align: left;\"><span style=\"font-family: 'times new roman', times;\">Ph\u00e2n lo\u1ea1i v\u00e0 x\u1eed l\u00fd qu\u1ea7n \u00e1o b\u01b0\u1edbc 1<\/span><\/li>\n<li style=\"font-size: medium; text-align: left;\"><span style=\"font-family: 'times new roman', times;\">X\u1eed l\u00fd qu\u1ea7n \u00e1o b\u01b0\u1edbc 2<\/span><\/li>\n<li style=\"font-size: medium; text-align: left;\"><span style=\"font-family: 'times new roman', times;\">C\u00f4ng \u0111o\u1ea1n Gi\u1eb7t \u1ee7i<\/span><\/li>\n<li style=\"font-size: medium; text-align: left;\"><span style=\"font-family: 'times new roman', times;\">Ki\u1ec3m tra th\u00e0nh ph\u1ea9m<\/span><\/li>\n<li style=\"font-size: medium; text-align: left;\"><span style=\"font-family: 'times new roman', times;\">Ho\u00e0n th\u00e0nh v\u00e0 \u0111\u00f3ng g\u00f3i<\/span><\/li>\n<\/ul>\n<h4><strong><span style=\"font-family: 'times new roman', times; font-size: medium;\">Ki\u1ec3m tra qu\u1ea7n \u00e1o\u00a0<\/span><\/strong><\/h4>\n<p style=\"font-size: medium; text-align: left;\"><span style=\"font-family: 'times new roman', times;\">S\u1ef1 h\u00e0i l\u00f2ng c\u1ee7a kh\u00e1ch h\u00e0ng l\u00e0 m\u1ed1i quan t\u00e2m h\u00e0ng \u0111\u1ea7u \u1edf OHASHI; do \u0111\u00f3 \u0111\u1ec3 tr\u00e1nh nh\u1eefng sai s\u00f3t kh\u00f4ng \u0111\u00e1ng c\u00f3, nh\u00e2n vi\u00ean OHASHI s\u1ebd ki\u1ec3m tra qu\u1ea7n \u00e1o c\u1ee7a Qu\u00fd kh\u00e1ch nh\u1eb1m ph\u00e1t hi\u1ec7n nh\u1eefng v\u1eadt d\u1ee5ng b\u1ecf qu\u00ean trong qu\u1ea7n \u00e1o c\u0169ng nh\u01b0 nh\u1eb1m x\u00e1c \u0111\u1ecbnh nh\u1eefng l\u1ed7i tr\u01b0\u1edbc khi s\u1eed d\u1ee5ng d\u1ecbch v\u1ee5 c\u1ee7a OHASHI.\u00a0<\/span><\/p>\n<h4 style=\"font-size: medium; text-align: left;\"><span style=\"font-size: medium;\"><strong><span style=\"font-family: 'times new roman', times;\">G\u1eafn nh\u00e3n kh\u00e1ch h\u00e0ng<\/span><\/strong><\/span><\/h4>\n<p style=\"font-size: medium; text-align: left;\"><span style=\"font-family: 'times new roman', times;\">\u0110\u1ec3 qu\u1ea7n \u00e1o kh\u00f4ng b\u1ecb nh\u1ea7m l\u1eabn v\u00e0 tr\u00e1nh vi\u1ec7c b\u1ea5m ho\u1eb7c ghi t\u00ean l\u00ean qu\u1ea7n \u00e1o, c\u00f4ng ty c\u00f3 g\u1eafn nh\u00e3n gi\u1eb7t ri\u00eang cho t\u1eebng s\u1ea3n ph\u1ea9m c\u1ee7a kh\u00e1ch h\u00e0ng. Nh\u00e3n gi\u1eb7t n\u00e0y \u0111\u01b0\u1ee3c nh\u1eadp kh\u1ea9u t\u1eeb Nh\u1eadt, kh\u00f4ng b\u1ecb nh\u0169n r\u00e1ch d\u00f9 gi\u1eb7t kh\u00f4 hay \u01b0\u1edbt<\/span>.<\/p>\n<h4 style=\"font-size: medium; text-align: left;\"><span style=\"font-family: 'times new roman', times; font-size: medium;\"><b>Ph\u00e2n lo<\/b><b>\u1ea1<\/b><b>i qu<\/b><b>\u1ea7<\/b><b>n\u00a0\u00e1o v\u00e0 x<\/b><b>\u1eed<\/b><b> l<\/b><b>\u00fd<\/b><b> qu<\/b><b>\u1ea7<\/b><b>n <\/b><b>\u00e1<\/b><b>o b<\/b><b>\u01b0\u1edb<\/b><b>c 1<\/b><\/span><\/h4>\n<p style=\"font-size: medium; text-align: left;\"><span style=\"font-family: 'times new roman', times;\">T\u1ea5t c\u1ea3 qu\u1ea7n \u00e1o \u0111\u1ec1u \u0111\u01b0\u1ee3c ph\u00e2n lo\u1ea1i k\u1ef9 c\u00e0ng, c\u00e1c lo\u1ea1i v\u1ea3i c\u00f3 c\u00f9ng t\u00ednh ch\u1ea5t s\u1ebd \u0111\u01b0\u1ee3c t\u1eadp trung l\u1ea1i \u0111\u1ec3 \u0111\u1ea3m b\u1ea3o qu\u1ea7n \u00e1o c\u1ee7a c\u00e1c b\u1ea1n \u0111\u01b0\u1ee3c gi\u1eb7t \u1edf ch\u01b0\u01a1ng tr\u00ecnh th\u00edch h\u1ee3p. Sau khi ph\u00e2n lo\u1ea1i ho\u00e0n t\u1ea5t, nh\u00e2n vi\u00ean OHASHI s\u1ebd ti\u1ebfn h\u00e0nh x\u1eed l\u00fd b\u01b0\u1edbc 1 \u0111\u1ed1i v\u1edbi t\u00fai qu\u1ea7n, \u00e1o c\u0169ng nh\u01b0 nh\u1eefng ch\u1ed7 kh\u00f3 gi\u1eb7t kh\u00e1c. \u0110i\u1ec1u n\u00e0y \u0111\u1ea3m b\u1ea3o ch\u1ea5t l\u01b0\u1ee3ng gi\u1eb7t \u1edf m\u1ee9c cao nh\u1ea5t.<\/span><\/p>\n<h4 style=\"font-size: medium; text-align: left;\"><span style=\"font-family: 'times new roman', times; font-size: medium;\"><b>X<\/b><b>\u1eed<\/b><b> l<\/b><b>\u00fd<\/b><b> qu<\/b><b>\u1ea7<\/b><b>n <\/b><b>\u00e1<\/b><b>o b<\/b><b>\u01b0\u1edb<\/b><b>c 2<\/b><\/span><\/h4>\n<p style=\"font-size: medium; text-align: left;\"><span style=\"font-family: 'times new roman', times;\">T\u1ea5t c\u1ea3 nh\u1eefng v\u1ebft b\u1ea9n ch\u01b0a \u0111\u01b0\u1ee3c x\u1eed l\u00fd s\u1ea1ch \u1edf b\u01b0\u1edbc 1 s\u1ebd ti\u1ebfp t\u1ee5c \u0111\u01b0\u1ee3c x\u1eed l\u00fd \u1edf b\u01b0\u1edbc 2. \u1ede b\u01b0\u1edbc 2,t\u1ea5t c\u1ea3 nh\u1eefng v\u1ebft b\u1ea9n c\u1ee9ng \u0111\u1ea7u s\u1ebd \u0111\u01b0\u1ee3c t\u1ea9y s\u1ea1ch b\u1edfi m\u1ed9t lo\u1ea1i m\u00e1y \u0111\u1eb7c bi\u1ec7t. \u0110i\u1ec1u n\u00e0y \u0111\u1ea3m b\u1ea3o qu\u1ea7n \u00e1o c\u1ee7a b\u1ea1n \u0111\u01b0\u1ee3c gi\u1eb7t s\u1ea1ch ho\u00e0n to\u00e0n v\u00e0 tr\u00e1nh \u0111\u01b0\u1ee3c vi\u1ec7c l\u1ea1m d\u1ee5ng c\u00e1c ch\u1ea5t gi\u1eb7t t\u1ea9y.<\/span><\/p>\n<h4 style=\"font-size: medium; text-align: left;\"><span style=\"font-family: 'times new roman', times;\"><strong><span style=\"font-size: medium;\">C\u00f4ng \u0111o\u1ea1n gi\u1eb7t \u1ee7i <\/span><\/strong><\/span><\/h4>\n<p style=\"font-size: medium; text-align: left;\"><span style=\"font-family: 'times new roman', times;\"><b>Gi<\/b><b>\u1eb7<\/b><b>t kh<\/b><b>\u00f4:\u00a0<\/b>\u0110\u1ed1i v\u1edbi nh\u1eefng lo\u1ea1i v\u1ea3i nh\u1ea1y c\u1ea3m v\u1edbi n\u01b0\u1edbc, vi\u1ec7c gi\u1eb7t n\u01b0\u1edbc s\u1ebd l\u00e0m cho v\u1ea3i b\u1ecb co r\u00fat v\u00e0 l\u00e0m phai m\u00e0u qu\u1ea7n \u00e1o. Do \u0111\u00f3 vi\u1ec7c gi\u1eb7t kh\u00f4 s\u1ebd \u0111\u1ea3m b\u1ea3o ch\u1ea5t l\u01b0\u1ee3ng gi\u1eb7t c\u0169ng nh\u01b0 b\u1ea3o v\u1ec7 qu\u1ea7n \u00e1o c\u1ee7a c\u00e1c b\u1ea1n. M\u1ed9t s\u1ed1 lo\u1ea1i v\u1ea3i\/ s\u1ee3i \u0111\u1eb7c bi\u1ec7t nh\u1ea1y c\u1ea3m v\u1edbi n\u01b0\u1edbc c\u00f3 th\u1ec3 k\u1ec3 \u0111\u1ebfn nh\u01b0: s\u1ee3i l\u00e0m t\u1eeb l\u00f4ng ho\u1eb7c c\u00e1c s\u1ee3i c\u00f3 ngu\u1ed3n g\u1ed1c \u0111\u1ed9ng v\u1eadt, v\u00ed d\u1ee5: len, t\u01a1 t\u1eb1m\u2026. <\/span><\/p>\n<p style=\"font-size: medium; text-align: left;\"><span style=\"font-family: 'times new roman', times;\"><b>Gi<\/b><b>\u1eb7<\/b><b>t <\/b><b>\u01b0\u1edb<\/b><b>t:<\/b> Gi\u1eb7t \u01b0\u1edbt l\u00e0 m\u1ed9t qu\u00e1 tr\u00ecnh c\u1ef1c k\u00ec ph\u1ee9c t\u1ea1p. \u1ede Ohashi, ch\u00fang t\u00f4i \u0111\u1ea7u t\u01b0 h\u1ec7 th\u1ed1ng t\u00e1ch v\u00e0 l\u1ecdc n\u01b0\u1edbc nh\u1eb1m \u0111\u1ea3m b\u1ea3o ch\u1ea5t l\u01b0\u1ee3ng n\u01b0\u1edbc \u0111\u01b0a v\u00e0o l\u1ed3ng gi\u1eb7t \u0111\u01b0\u1ee3c lo\u1ea1i b\u1ecf h\u1ea7u h\u1ebft t\u1ea1p ch\u1ea5t. \u0110i\u1ec1u n\u00e0y r\u1ea5t quan tr\u1ecdng v\u00ec c\u00e1c t\u1ea1p ch\u1ea5t l\u1eabn trong n\u01b0\u1edbc l\u00e0 nguy\u00ean nh\u00e2n ch\u00ednh cho vi\u1ec7c qu\u1ea7n \u00e1o b\u1ecb \u1ed1 v\u00e0ng qua th\u1eddi gian. Ngo\u00e0i ra, qu\u1ea7n \u00e1o c\u1ee7a c\u00e1c b\u1ea1n c\u0169ng s\u1ebd \u0111\u01b0\u1ee3c gi\u1eb7t s\u01a1 b\u1eb1ng n\u01b0\u1edbc n\u00f3ng, vi\u1ec7c n\u00e0y nh\u1eb1m l\u00e0m s\u1ea1ch nh\u1eefng b\u1ee5i b\u1ea9n c\u01a1 b\u1ea3n v\u00e0 qua \u0111\u00f3 h\u1ea1n ch\u1ebf vi\u1ec7c s\u1eed d\u1ee5ng c\u00e1c ch\u1ea5t gi\u1eb7t t\u1ea9y trong qu\u00e1 tr\u00ecnh gi\u1eb7t. Qu\u00e1 tr\u00ecnh n\u00e0y c\u0169ng gi\u00fap l\u00e0m m\u1ec1m s\u1ee3i v\u1ea3i v\u00e0 gi\u00fap cho c\u00e1c ho\u1ea1t ch\u1ea5t kh\u00e1c l\u1ea5y s\u1ea1ch c\u00e1c v\u1ebft b\u1ea9n. Ohashi c\u1ef1c k\u00ec quan t\u00e2m \u0111\u1ebfn s\u1ee9c kh\u1ecfe kh\u00e1ch h\u00e0ng n\u00ean ch\u00fang t\u00f4i ch\u1ee7 tr\u01b0\u01a1ng h\u1ea1n ch\u1ebf vi\u1ec7c l\u1ea1m d\u1ee5ng c\u00e1c ch\u1ea5t gi\u1eb7t t\u1ea9y. \u1ede giai \u0111o\u1ea1n ho\u00e0n t\u1ea5t vi\u1ec7c gi\u1eb7t \u01b0\u1edbt, OHASHI s\u1ebd ti\u1ebfn h\u00e0nh ki\u1ec3m\u00a0 tra qu\u1ea7n \u00e1o c\u1ee7a c\u00e1c b\u1ea1n nh\u1eb1m \u0111\u1ea3m b\u1ea3o to\u00e0n b\u1ed9 c\u00e1c v\u1ebft b\u1ea9n \u0111\u00e3 \u0111\u01b0\u1ee3c tri\u1ec7t ti\u00eau. <\/span><\/p>\n<h4 style=\"font-size: medium; text-align: left;\"><span style=\"font-family: 'times new roman', times;\"><strong>\u1ee6i<\/strong> <\/span><\/h4>\n<p style=\"font-size: medium; text-align: left;\"><span style=\"font-family: 'times new roman', times;\">Nh\u1eb1m b\u1ea3o \u0111\u1ea3m ch\u1ea5t l\u01b0\u1ee3ng v\u00e0 h\u1ea1n ch\u1ebf sai s\u00f3t c\u1ee7a con ng\u01b0\u1eddi, c\u00e1c robot c\u1ee7a OHASHI s\u1ebd \u0111\u1ea3m nhi\u1ec7m t\u1ea5t c\u1ea3 c\u00f4ng \u0111o\u1ea1n \u1ee7i. Ngo\u00e0i ra vi\u1ec7c s\u1eed d\u1ee5ng robot nh\u1eb1m m\u1ee5c \u0111\u00edch tr\u00e1nh hi\u1ec7n t\u01b0\u1ee3ng b\u00f3ng lo\u00e1ng ho\u1eb7c v\u1ebft ch\u00e1y tr\u00ean \u00e1o qu\u1ea7n c\u1ee7a qu\u00fd kh\u00e1ch.<\/span><\/p>\n<p><span style=\"font-family: 'times new roman', times;\"><span style=\"font-size: medium;\">\u1ee6i \u00e1o: G\u1ed3m 3 c\u00f4ng \u0111o\u1ea1n<\/span> <img loading=\"lazy\" decoding=\"async\" class=\" wp-image-566 alignright\" alt=\"_MG_4125\" src=\"http:\/\/www.ohashi.vn\/wp-content\/uploads\/2013\/06\/MG_4125.jpg\" width=\"207\" height=\"139\" srcset=\"http:\/\/www.ohashi.vn\/wp-content\/uploads\/2013\/06\/MG_4125.jpg 640w, http:\/\/www.ohashi.vn\/wp-content\/uploads\/2013\/06\/MG_4125-398x266.jpg 398w\" sizes=\"(max-width: 207px) 100vw, 207px\" \/> <img loading=\"lazy\" decoding=\"async\" class=\" wp-image-568 alignright\" alt=\"_MG_4121\" src=\"http:\/\/www.ohashi.vn\/wp-content\/uploads\/2013\/06\/MG_4121.jpg\" width=\"207\" height=\"139\" srcset=\"http:\/\/www.ohashi.vn\/wp-content\/uploads\/2013\/06\/MG_4121.jpg 640w, http:\/\/www.ohashi.vn\/wp-content\/uploads\/2013\/06\/MG_4121-398x266.jpg 398w\" sizes=\"(max-width: 207px) 100vw, 207px\" \/><\/span><\/p>\n<ul style=\"font-size: medium; text-align: left;\">\n<li style=\"font-size: medium; text-align: left;\"><span style=\"font-family: 'times new roman', times;\">Robot \u1ee7i m\u1eb7t tr\u01b0\u1edbc v\u00e0 m\u1eb7t sau,<\/span><\/li>\n<li style=\"font-size: medium; text-align: left;\"><span style=\"font-family: 'times new roman', times;\">Robot \u1ee7i 2 tay \u00e1o v\u00e0<\/span><\/li>\n<li style=\"font-size: medium; text-align: left;\"><span style=\"font-family: 'times new roman', times;\">Robot x\u1eed l\u00fd c\u1ed5 \u00e1o.\u00a0<\/span><\/li>\n<\/ul>\n<p><span style=\"font-family: 'times new roman', times; font-size: medium;\">\u1ee6i qu\u1ea7n: G\u1ed3m 3 c\u00f4ng \u0111o\u1ea1n<\/span><\/p>\n<ul style=\"font-size: medium; text-align: left;\">\n<li><span style=\"font-family: 'times new roman', times;\">Robot \u1ee7i m\u1eb7t tr\u01b0\u1edbc v\u00e0 m\u1eb7t sau,<a href=\"http:\/\/www.ohashi.vn\/wp-content\/uploads\/2013\/06\/MG_4154.jpg\"><img loading=\"lazy\" decoding=\"async\" class=\"wp-image-571 alignright\" alt=\"_MG_4154\" src=\"http:\/\/www.ohashi.vn\/wp-content\/uploads\/2013\/06\/MG_4154.jpg\" width=\"195\" height=\"130\" srcset=\"http:\/\/www.ohashi.vn\/wp-content\/uploads\/2013\/06\/MG_4154.jpg 448w, http:\/\/www.ohashi.vn\/wp-content\/uploads\/2013\/06\/MG_4154-398x266.jpg 398w\" sizes=\"(max-width: 195px) 100vw, 195px\" \/><\/a><a href=\"http:\/\/www.ohashi.vn\/wp-content\/uploads\/2013\/08\/Ui-quan.png\"><img loading=\"lazy\" decoding=\"async\" class=\" wp-image-706 alignright\" alt=\"Ui quan\" src=\"http:\/\/www.ohashi.vn\/wp-content\/uploads\/2013\/08\/Ui-quan.png\" width=\"172\" height=\"133\" srcset=\"http:\/\/www.ohashi.vn\/wp-content\/uploads\/2013\/08\/Ui-quan.png 427w, http:\/\/www.ohashi.vn\/wp-content\/uploads\/2013\/08\/Ui-quan-344x266.png 344w\" sizes=\"(max-width: 172px) 100vw, 172px\" \/><\/a><\/span><\/li>\n<li style=\"font-size: medium; text-align: left;\"><span style=\"font-family: 'times new roman', times;\">Robot x\u1eed l\u00fd t\u00fai qu\u1ea7n v\u00e0<\/span><\/li>\n<li style=\"font-size: medium; text-align: left;\"><span style=\"font-family: 'times new roman', times;\">Robot \u00e9p ly qu\u1ea7n.<\/span><\/li>\n<\/ul>\n<h4><strong><span style=\"font-family: 'times new roman', times; font-size: medium;\">Ki\u1ec3m tra th\u00e0nh ph\u1ea9m<\/span><\/strong><\/h4>\n<p><span style=\"font-family: 'times new roman', times; font-size: medium; line-height: 19px;\">C\u00e1c k\u1ef9 thu\u1eadt vi\u00ean OHASHI s\u1ebd ki\u1ec3m tra nghi\u00eam ng\u1eb7t trong t\u1eebng giai \u0111o\u1ea1n gi\u1eb7t \u1ee7i. \u0110\u1ed1i v\u1edbi \u00e1o qu\u1ea7n ch\u01b0a \u0111\u1ea1t y\u00eau c\u1ea7u s\u1ebd ph\u1ea3i ki\u1ec3m tra l\u1ea1i t\u1eeb \u0111\u1ea7u nh\u1eb1m x\u00e1c \u0111\u1ecbnh nguy\u00ean nh\u00e2n. Tr\u01b0\u1edbc khi \u0111\u00f3ng g\u00f3i, chuy\u00ean gia Nh\u1eadt B\u1ea3n s\u1ebd ki\u1ec3m tra to\u00e0n b\u1ed9 l\u1ea1i s\u1ea3n ph\u1ea9m nh\u1eb1m b\u1ea3o \u0111\u1ea3m ch\u1ea5t l\u01b0\u1ee3ng gi\u1eb7t \u1ee7i \u1edf m\u1ee9c t\u1ed1t nh\u1ea5t<\/span><\/p>\n<h4 style=\"font-size: medium; text-align: left;\"><span style=\"font-family: 'times new roman', times; font-size: medium;\"><b>Ho\u00e0n th\u00e0nh v\u00e0 \u0111\u00f3ng g\u00f3i<\/b> \u00a0<\/span><\/h4>\n<p style=\"font-size: medium; text-align: left;\"><span style=\"font-family: 'times new roman', times;\">T\u00f9y theo y\u00eau c\u1ea7u c\u1ee7a qu\u00fd kh\u00e1ch, qu\u1ea7n \u00e1o s\u1ebd \u0111\u01b0\u1ee3c x\u1ebfp ho\u1eb7c treo. Nh\u00e2n vi\u00ean OHASHI s\u1ebd giao tr\u1ef1c ti\u1ebfp \u0111\u1ed3 cho qu\u00fd kh\u00e1ch nh\u1eb1m tr\u00e1nh m\u1ecdi t\u00e1c \u0111\u1ed9ng ngo\u1ea1i c\u1ea3nh \u1ea3nh h\u01b0\u1edfng t\u1edbi ch\u1ea5t l\u01b0\u1ee3ng gi\u1eb7t \u1ee7i c\u1ee7a OHASHI.<\/span><\/p>\n<p><\/p>","protected":false},"excerpt":{"rendered":"<p>D\u1ecbch V\u1ee5 Ch\u1ea5t L\u01b0\u1ee3ng \u1ede OHASHI, ch\u1ea5t l\u01b0\u1ee3ng d\u1ecbch v\u1ee5 l\u00e0 m\u1ed1i quan t\u00e2m h\u00e0ng\u00a0\u0111\u1ea7u c\u1ee7a ch\u00fang t\u00f4i.\u00a0Sau khi ho\u00e0n th\u00e0nh\u00a0\u1edf m\u1ed9t c\u00f4ng\u00a0\u0111o\u1ea1n, to\u00e0n b\u1ed9 qu\u1ea7n\u00a0\u00e1o s\u1ebd\u00a0\u0111\u01b0\u1ee3c c\u00e1c chuy\u00ean gia ki\u1ec3m tra tr\u01b0\u1edbc khi ti\u1ebfp t\u1ee5c\u00a0\u0111\u01b0a v\u00e0o giai\u00a0\u0111o\u1ea1n ti\u1ebfp theo.\u00a0T\u1ea5t c\u1ea3 qu\u1ea7n\u00a0\u00e1o kh\u00f4ng\u00a0\u0111\u1ea1t chu\u1ea9n s\u1ebd\u00a0\u0111\u01b0\u1ee3c ki\u1ec3m tra v\u00e0 x\u1eed l\u00fd l\u1ea1i t\u1eeb\u00a0\u0111\u1ea7u.\u00a0\u0110i\u1ec1u n\u00e0y s\u1ebd\u00a0\u0111\u1ea3m b\u1ea3o\u00a0ch\u1ea5t [&hellip;]<\/p>\n","protected":false},"author":2,"featured_media":0,"parent":87,"menu_order":0,"comment_status":"open","ping_status":"closed","template":"template-fullwidth.php","meta":{"ngg_post_thumbnail":0,"footnotes":""},"class_list":["post-524","page","type-page","status-publish","hentry"],"_links":{"self":[{"href":"http:\/\/www.ohashi.vn\/vi\/wp-json\/wp\/v2\/pages\/524"}],"collection":[{"href":"http:\/\/www.ohashi.vn\/vi\/wp-json\/wp\/v2\/pages"}],"about":[{"href":"http:\/\/www.ohashi.vn\/vi\/wp-json\/wp\/v2\/types\/page"}],"author":[{"embeddable":true,"href":"http:\/\/www.ohashi.vn\/vi\/wp-json\/wp\/v2\/users\/2"}],"replies":[{"embeddable":true,"href":"http:\/\/www.ohashi.vn\/vi\/wp-json\/wp\/v2\/comments?post=524"}],"version-history":[{"count":44,"href":"http:\/\/www.ohashi.vn\/vi\/wp-json\/wp\/v2\/pages\/524\/revisions"}],"predecessor-version":[{"id":1527,"href":"http:\/\/www.ohashi.vn\/vi\/wp-json\/wp\/v2\/pages\/524\/revisions\/1527"}],"up":[{"embeddable":true,"href":"http:\/\/www.ohashi.vn\/vi\/wp-json\/wp\/v2\/pages\/87"}],"wp:attachment":[{"href":"http:\/\/www.ohashi.vn\/vi\/wp-json\/wp\/v2\/media?parent=524"}],"curies":[{"name":"wp","href":"https:\/\/api.w.org\/{rel}","templated":true}]}}