{"id":442,"date":"2013-08-04T05:10:12","date_gmt":"2013-08-04T05:10:12","guid":{"rendered":"http:\/\/www.ohashi.vn\/?page_id=442"},"modified":"2015-12-22T15:41:43","modified_gmt":"2015-12-22T08:41:43","slug":"san-pham-dich-vu","status":"publish","type":"page","link":"http:\/\/www.ohashi.vn\/vi\/san-pham-dich-vu\/","title":{"rendered":"S\u1ea3n ph\u1ea9m"},"content":{"rendered":"<p><span style=\"font-size: x-large; color: #993366;\"><strong><span style=\"font-family: verdana, geneva;\">S\u1ea3n ph\u1ea9m &amp; D\u1ecbch v\u1ee5<\/span><\/strong><\/span><\/p>\n<p><span style=\"font-family: 'times new roman', times; font-size: large;\">Ohashi l\u00e0 c\u00f4ng ty gi\u1eb7t \u1ee7i c\u1ee7a Nh\u1eadt, do \u0111\u00f3 quy tr\u00ecnh c\u1ee7a s\u1ea3n ph\u1ea9m &amp; d\u1ecbch v\u1ee5 m\u00e0 ch\u00fang t\u00f4i cung c\u1ea5p c\u0169ng tu\u00e2n theo ti\u00eau chu\u1ea9n ch\u1ea5t l\u01b0\u1ee3ng Nh\u1eadt B\u1ea3n.<\/span><\/p>\n<p><span style=\"font-family: 'times new roman', times; font-size: large;\">T\u1ea1i Ohashi, ch\u00fang t\u00f4i \u0111\u1ea3m b\u1ea3o ch\u1eafc ch\u1eafn kh\u00e1ch h\u00e0ng s\u1ebd lu\u00f4n nh\u1eadn \u0111\u01b0\u1ee3c \u0111\u00fang qu\u1ea7n \u00e1o c\u1ee7a m\u00ecnh<\/span><\/p>\n<p><a href=\"http:\/\/www.ohashi.vn\/wp-content\/uploads\/2014\/11\/Dich-vu-chat-luong-Ch\u00ednh-x\u00e1c-.jpg\"><img loading=\"lazy\" decoding=\"async\" class=\"size-large wp-image-2098 alignnone\" style=\"border: 0px;\" alt=\"Dich vu chat luong (Ch\u00ednh x\u00e1c)\" src=\"http:\/\/www.ohashi.vn\/wp-content\/uploads\/2014\/11\/Dich-vu-chat-luong-Ch\u00ednh-x\u00e1c--870x189.jpg\" width=\"870\" height=\"189\" srcset=\"http:\/\/www.ohashi.vn\/wp-content\/uploads\/2014\/11\/Dich-vu-chat-luong-Ch\u00ednh-x\u00e1c--870x189.jpg 870w, http:\/\/www.ohashi.vn\/wp-content\/uploads\/2014\/11\/Dich-vu-chat-luong-Ch\u00ednh-x\u00e1c--472x103.jpg 472w\" sizes=\"(max-width: 870px) 100vw, 870px\" \/><\/a><\/p>\n<p><span style=\"font-family: 'times new roman', times; font-size: large;\">V\u1edbi nh\u1ecbp \u0111i\u1ec7u cu\u1ed9c s\u1ed1ng ng\u00e0y c\u00e0ng b\u1eadn r\u1ed9n, ch\u00fang t\u00f4i mong mu\u1ed1n thay c\u00e1c b\u1ea1n l\u00e0m nh\u1eefng vi\u1ec7c nh\u1ecf \u0111\u1ec3 c\u00e1c b\u1ea1n c\u00f3 th\u1ec3 t\u1eadp trung v\u00e0o nh\u1eefng vi\u1ec7c l\u1edbn<\/span><\/p>\n<p><a href=\"http:\/\/www.ohashi.vn\/wp-content\/uploads\/2014\/11\/Dich-vu-chat-luong-Dich-vu-cong-them-.jpg\"><img loading=\"lazy\" decoding=\"async\" class=\"size-large wp-image-2108 alignnone\" alt=\"Dich vu chat luong ( Dich vu cong them )\" src=\"http:\/\/www.ohashi.vn\/wp-content\/uploads\/2014\/11\/Dich-vu-chat-luong-Dich-vu-cong-them--870x172.jpg\" width=\"870\" height=\"172\" srcset=\"http:\/\/www.ohashi.vn\/wp-content\/uploads\/2014\/11\/Dich-vu-chat-luong-Dich-vu-cong-them--870x172.jpg 870w, http:\/\/www.ohashi.vn\/wp-content\/uploads\/2014\/11\/Dich-vu-chat-luong-Dich-vu-cong-them--472x93.jpg 472w\" sizes=\"(max-width: 870px) 100vw, 870px\" \/><\/a><\/p>\n<p><span style=\"font-family: 'times new roman', times; font-size: large;\">V\u00e0 ch\u00fang t\u00f4i cam k\u1ebft b\u1ea1n s\u1ebd lu\u00f4n nh\u1eadn \u0111\u01b0\u1ee3c \u0111\u1ed3 \u0111\u00fang n\u01a1i v\u00e0 \u0111\u00fang l\u00fac.<\/span><\/p>\n<p><img loading=\"lazy\" decoding=\"async\" class=\"size-large wp-image-2086 alignnone\" style=\"border: 0px;\" alt=\"Dich vu chat luong (De dang va tien loi)\" src=\"http:\/\/www.ohashi.vn\/wp-content\/uploads\/2014\/11\/Dich-vu-chat-luong-De-dang-va-tien-loi-870x172.jpg\" width=\"870\" height=\"172\" srcset=\"http:\/\/www.ohashi.vn\/wp-content\/uploads\/2014\/11\/Dich-vu-chat-luong-De-dang-va-tien-loi-870x172.jpg 870w, http:\/\/www.ohashi.vn\/wp-content\/uploads\/2014\/11\/Dich-vu-chat-luong-De-dang-va-tien-loi-472x93.jpg 472w\" sizes=\"(max-width: 870px) 100vw, 870px\" \/><\/p>\n<p><span style=\"font-size: large; font-family: 'times new roman', times;\">Ohashi hi\u1ec3u s\u1ee9c kh\u1ecfe lu\u00f4n l\u00e0 m\u1ed1i quan t\u00e2m h\u00e0ng \u0111\u1ea7u c\u1ee7a kh\u00e1ch h\u00e0ng v\u00e0 \u0111\u00e2y c\u0169ng l\u00e0 \u01b0u ti\u00ean c\u1ee7a ch\u00fang t\u00f4i<\/span><\/p>\n<p><a href=\"http:\/\/www.ohashi.vn\/wp-content\/uploads\/2014\/11\/Dich-vu-chat-luong-Xa-bong-nhap-khau.jpg\"><img loading=\"lazy\" decoding=\"async\" class=\"size-large wp-image-2087 alignnone\" style=\"border: 0px;\" alt=\"Dich vu chat luong (Xa bong nhap khau)\" src=\"http:\/\/www.ohashi.vn\/wp-content\/uploads\/2014\/11\/Dich-vu-chat-luong-Xa-bong-nhap-khau-870x190.jpg\" width=\"870\" height=\"190\" srcset=\"http:\/\/www.ohashi.vn\/wp-content\/uploads\/2014\/11\/Dich-vu-chat-luong-Xa-bong-nhap-khau-870x190.jpg 870w, http:\/\/www.ohashi.vn\/wp-content\/uploads\/2014\/11\/Dich-vu-chat-luong-Xa-bong-nhap-khau-472x103.jpg 472w\" sizes=\"(max-width: 870px) 100vw, 870px\" \/><\/a><\/p>\n<p><span style=\"font-family: 'times new roman', times; font-size: large;\">\u00a0<\/span><\/p>","protected":false},"excerpt":{"rendered":"<p>S\u1ea3n ph\u1ea9m &amp; D\u1ecbch v\u1ee5 Ohashi l\u00e0 c\u00f4ng ty gi\u1eb7t \u1ee7i c\u1ee7a Nh\u1eadt, do \u0111\u00f3 quy tr\u00ecnh c\u1ee7a s\u1ea3n ph\u1ea9m &amp; d\u1ecbch v\u1ee5 m\u00e0 ch\u00fang t\u00f4i cung c\u1ea5p c\u0169ng tu\u00e2n theo ti\u00eau chu\u1ea9n ch\u1ea5t l\u01b0\u1ee3ng Nh\u1eadt B\u1ea3n. T\u1ea1i Ohashi, ch\u00fang t\u00f4i \u0111\u1ea3m b\u1ea3o ch\u1eafc ch\u1eafn kh\u00e1ch h\u00e0ng s\u1ebd lu\u00f4n nh\u1eadn \u0111\u01b0\u1ee3c \u0111\u00fang qu\u1ea7n \u00e1o c\u1ee7a [&hellip;]<\/p>\n","protected":false},"author":2,"featured_media":0,"parent":0,"menu_order":0,"comment_status":"open","ping_status":"open","template":"template-fullwidth.php","meta":{"ngg_post_thumbnail":0,"footnotes":""},"class_list":["post-442","page","type-page","status-publish","hentry"],"_links":{"self":[{"href":"http:\/\/www.ohashi.vn\/vi\/wp-json\/wp\/v2\/pages\/442"}],"collection":[{"href":"http:\/\/www.ohashi.vn\/vi\/wp-json\/wp\/v2\/pages"}],"about":[{"href":"http:\/\/www.ohashi.vn\/vi\/wp-json\/wp\/v2\/types\/page"}],"author":[{"embeddable":true,"href":"http:\/\/www.ohashi.vn\/vi\/wp-json\/wp\/v2\/users\/2"}],"replies":[{"embeddable":true,"href":"http:\/\/www.ohashi.vn\/vi\/wp-json\/wp\/v2\/comments?post=442"}],"version-history":[{"count":58,"href":"http:\/\/www.ohashi.vn\/vi\/wp-json\/wp\/v2\/pages\/442\/revisions"}],"predecessor-version":[{"id":2156,"href":"http:\/\/www.ohashi.vn\/vi\/wp-json\/wp\/v2\/pages\/442\/revisions\/2156"}],"wp:attachment":[{"href":"http:\/\/www.ohashi.vn\/vi\/wp-json\/wp\/v2\/media?parent=442"}],"curies":[{"name":"wp","href":"https:\/\/api.w.org\/{rel}","templated":true}]}}