{"id":2147,"date":"2015-12-22T15:36:25","date_gmt":"2015-12-22T08:36:25","guid":{"rendered":"http:\/\/www.ohashi.vn\/?page_id=2147"},"modified":"2024-12-25T00:05:43","modified_gmt":"2024-12-24T17:05:43","slug":"pricelist","status":"publish","type":"page","link":"http:\/\/www.ohashi.vn\/vi\/san-pham-dich-vu\/pricelist\/","title":{"rendered":"B\u1ea3ng Gi\u00e1"},"content":{"rendered":"<p><\/p>\n<h2><strong><span style=\"font-family: 'times new roman', times; font-size: x-large; color: #993366;\">B\u1ea3ng Gi\u00e1<\/span><\/strong><\/h2>\n<p><span style=\"font-family: 'times new roman', times; font-size: medium;\">D\u01b0\u1edbi \u0111\u00e2y l\u00e0 b\u1ea3ng gi\u00e1 d\u1ecbch v\u1ee5 ch\u00fang t\u00f4i \u0111ang cung c\u1ea5p \u1edf th\u1eddi \u0111i\u1ec3m hi\u1ec7n t\u1ea1i. N\u1ebfu Qu\u00fd kh\u00e1ch kh\u00f4ng t\u00ecm th\u1ea5y gi\u00e1 d\u1ecbch v\u1ee5 c\u1ee7a v\u1eadt d\u1ee5ng quan t\u00e2m, xin h\u00e3y g\u1ecdi cho ch\u00fang t\u00f4i<\/span><br \/>\n<span style=\"font-family: 'times new roman', times; font-size: medium;\">L\u01b0u \u00fd: B\u1ea3ng gi\u00e1 n\u00e0y kh\u00f4ng \u00e1p d\u1ee5ng cho 1 s\u1ed1 m\u1eb7t h\u00e0ng m\u00e0 ch\u00fang t\u00f4i ph\u1ea3i th\u1ef1c hi\u1ec7n ri\u00eang theo y\u00eau c\u1ea7u t\u1eeb nh\u00e0 s\u1ea3n xu\u1ea5t<\/span><\/p>\n<p><a href=\"http:\/\/www.ohashi.vn\/wp-content\/uploads\/2024\/12\/Bang-gia-2025.png\"><img loading=\"lazy\" decoding=\"async\" class=\"aligncenter size-full wp-image-2263\" src=\"http:\/\/www.ohashi.vn\/wp-content\/uploads\/2024\/12\/Bang-gia-2025.png\" alt=\"\" width=\"1241\" height=\"1755\" srcset=\"http:\/\/www.ohashi.vn\/wp-content\/uploads\/2024\/12\/Bang-gia-2025.png 1241w, http:\/\/www.ohashi.vn\/wp-content\/uploads\/2024\/12\/Bang-gia-2025-188x266.png 188w, http:\/\/www.ohashi.vn\/wp-content\/uploads\/2024\/12\/Bang-gia-2025-346x490.png 346w, http:\/\/www.ohashi.vn\/wp-content\/uploads\/2024\/12\/Bang-gia-2025-768x1086.png 768w, http:\/\/www.ohashi.vn\/wp-content\/uploads\/2024\/12\/Bang-gia-2025-1086x1536.png 1086w\" sizes=\"(max-width: 1241px) 100vw, 1241px\" \/><\/a><\/p>\n<p><\/p>","protected":false},"excerpt":{"rendered":"<p>B\u1ea3ng Gi\u00e1 D\u01b0\u1edbi \u0111\u00e2y l\u00e0 b\u1ea3ng gi\u00e1 d\u1ecbch v\u1ee5 ch\u00fang t\u00f4i \u0111ang cung c\u1ea5p \u1edf th\u1eddi \u0111i\u1ec3m hi\u1ec7n t\u1ea1i. N\u1ebfu Qu\u00fd kh\u00e1ch kh\u00f4ng t\u00ecm th\u1ea5y gi\u00e1 d\u1ecbch v\u1ee5 c\u1ee7a v\u1eadt d\u1ee5ng quan t\u00e2m, xin h\u00e3y g\u1ecdi cho ch\u00fang t\u00f4i L\u01b0u \u00fd: B\u1ea3ng gi\u00e1 n\u00e0y kh\u00f4ng \u00e1p d\u1ee5ng cho 1 s\u1ed1 m\u1eb7t h\u00e0ng m\u00e0 ch\u00fang t\u00f4i [&hellip;]<\/p>\n","protected":false},"author":3,"featured_media":0,"parent":442,"menu_order":0,"comment_status":"open","ping_status":"open","template":"template-fullwidth.php","meta":{"ngg_post_thumbnail":0,"footnotes":""},"class_list":["post-2147","page","type-page","status-publish","hentry"],"_links":{"self":[{"href":"http:\/\/www.ohashi.vn\/vi\/wp-json\/wp\/v2\/pages\/2147"}],"collection":[{"href":"http:\/\/www.ohashi.vn\/vi\/wp-json\/wp\/v2\/pages"}],"about":[{"href":"http:\/\/www.ohashi.vn\/vi\/wp-json\/wp\/v2\/types\/page"}],"author":[{"embeddable":true,"href":"http:\/\/www.ohashi.vn\/vi\/wp-json\/wp\/v2\/users\/3"}],"replies":[{"embeddable":true,"href":"http:\/\/www.ohashi.vn\/vi\/wp-json\/wp\/v2\/comments?post=2147"}],"version-history":[{"count":12,"href":"http:\/\/www.ohashi.vn\/vi\/wp-json\/wp\/v2\/pages\/2147\/revisions"}],"predecessor-version":[{"id":2264,"href":"http:\/\/www.ohashi.vn\/vi\/wp-json\/wp\/v2\/pages\/2147\/revisions\/2264"}],"up":[{"embeddable":true,"href":"http:\/\/www.ohashi.vn\/vi\/wp-json\/wp\/v2\/pages\/442"}],"wp:attachment":[{"href":"http:\/\/www.ohashi.vn\/vi\/wp-json\/wp\/v2\/media?parent=2147"}],"curies":[{"name":"wp","href":"https:\/\/api.w.org\/{rel}","templated":true}]}}