{"id":1708,"date":"2015-04-18T12:35:25","date_gmt":"2015-04-18T05:35:25","guid":{"rendered":"http:\/\/www.ohashi.vn\/?page_id=1708"},"modified":"2015-04-20T16:12:38","modified_gmt":"2015-04-20T09:12:38","slug":"tieng-viet-tai-sao-phai-la-giat-kho-uu-nhuoc-diem-cua-phuong-phap-nay-voi-giat-nuoc-la-gi","status":"publish","type":"page","link":"http:\/\/www.ohashi.vn\/vi\/tieng-viet-tai-sao-phai-la-giat-kho-uu-nhuoc-diem-cua-phuong-phap-nay-voi-giat-nuoc-la-gi\/","title":{"rendered":"T\u1ea1i sao ph\u1ea3i l\u00e0 gi\u1eb7t kh\u00f4? \u01afu nh\u01b0\u1ee3c \u0111i\u1ec3m c\u1ee7a ph\u01b0\u01a1ng ph\u00e1p n\u00e0y so v\u1edbi gi\u1eb7t n\u01b0\u1edbc l\u00e0 g\u00ec?"},"content":{"rendered":"<p><span style=\"font-size: medium; font-family: 'times new roman', times;\">\u1ede b\u00e0i tr\u01b0\u1edbc, ch\u00fang t\u00f4i \u0111\u00e3 gi\u1edbi thi\u1ec7u cho c\u00e1c b\u1ea1n bi\u1ebft gi\u1eb7t kh\u00f4 l\u00e0 g\u00ec. Th\u1ebf nh\u01b0ng t\u1ea1i sao ch\u00fang ta ph\u1ea3i ch\u1ecdn gi\u1eb7t kh\u00f4, v\u1ed1n s\u1ebd t\u1ed1n nhi\u1ec1u chi ph\u00ed h\u01a1n? Li\u1ec7u ch\u00fang c\u00f3 th\u1eadt s\u1ef1 \u01b0u vi\u1ec7t?<\/span><\/p>\n<h2><strong><span style=\"font-size: large; font-family: 'times new roman', times;\">T\u1ea1i sao ph\u1ea3i l\u00e0 gi\u1eb7t kh\u00f4<\/span><\/strong><\/h2>\n<p><span style=\"font-size: medium; font-family: 'times new roman', times;\">Gi\u1eb7t kh\u00f4 l\u00e0 ph\u01b0\u01a1ng ph\u00e1p gi\u1eb7t an to\u00e0n nh\u1ea5t \u0111\u1ed1i v\u1edbi c\u00e1c lo\u1ea1i v\u1ea3i nh\u1ea1y c\u1ea3m v\u1edbi n\u01b0\u1edbc n\u1ebfu c\u00e1c b\u1ea1n kh\u00f4ng mu\u1ed1n qu\u1ea7n \u00e1o c\u1ee7a m\u00ecnh b\u1ecb co r\u00fat ho\u1eb7c phai m\u00e0u sau khi gi\u1eb7t. M\u1ed9t s\u1ed1 lo\u1ea1i v\u1ea3i\/ s\u1ee3i \u0111\u1eb7c bi\u1ec7t nh\u1ea1y c\u1ea3m v\u1edbi n\u01b0\u1edbc c\u00f3 th\u1ec3 k\u1ec3 \u0111\u1ebfn nh\u01b0 s\u1ee3i l\u00e0m t\u1eeb l\u00f4ng ho\u1eb7c c\u00e1c s\u1ee3i c\u00f3 ngu\u1ed3n g\u1ed1c \u0111\u1ed9ng v\u1eadt nh\u01b0 v\u00ed d\u1ee5: len, t\u01a1 t\u1eb1m\u2026.<\/span><\/p>\n<p><span style=\"font-size: medium; font-family: 'times new roman', times;\">M\u1eb7t kh\u00e1c, gi\u1eb7t kh\u00f4 l\u00e0 ph\u01b0\u01a1ng ph\u00e1p gi\u1eb7t t\u1ed1t nh\u1ea5t \u0111\u1ed1i v\u1edbi qu\u1ea7n \u00e1o l\u00e0m t\u1eeb v\u1ea3i s\u1ee3i kh\u00f4ng b\u1ec1n trong m\u00f4i tr\u01b0\u1eddng n\u01b0\u1edbc nh\u01b0: l\u1ee5a, taffeta, actate&#8230; Tuy nhi\u00ean, c\u00e1c b\u1ea1n v\u1eabn c\u00f3 th\u1ec3 gi\u1eb7t n\u01b0\u1edbc n\u1ebfu n\u1eafm r\u00f5 c\u00e1c ch\u1ec9 d\u1eabn v\u1ec1 th\u1eddi gian v\u00e0 nhi\u1ec7t \u0111\u1ed9 trong qu\u00e1 tr\u00ecnh gi\u1eb7t. Tuy v\u1eady, \u0111i\u1ec1u n\u00e0y r\u1ea5t r\u1ee7i ro v\u00e0 ch\u00fang t\u00f4i kh\u00f4ng khuy\u1ebfn kh\u00edch c\u00e1c b\u1ea1n.<\/span><\/p>\n<p><span style=\"font-size: medium; font-family: 'times new roman', times;\">M\u1ed9t \u01b0u \u0111i\u1ec3m kh\u00e1c c\u1ee7a gi\u1eb7t kh\u00f4 so v\u1edbi vi\u1ec7c gi\u1eb7t n\u01b0\u1edbc l\u00e0 ch\u00fang gi\u00fap b\u1ea3o v\u1ec7 s\u1ee3i v\u1ea3i t\u1ed1t h\u01a1n, gi\u00fap qu\u1ea7n \u00e1o kh\u00f4ng b\u1ecb nh\u00e0u sau khi gi\u1eb7t (\u0111i\u1ec1u n\u00e0y r\u1ea5t quan tr\u1ecdng \u0111\u1ed1i c\u00e1c lo\u1ea1i v\u1ea3i nh\u01b0 l\u1ee5a) do \u0111\u00f3 qu\u1ea7n \u00e1o s\u1ebd lu\u00f4n nh\u01b0 m\u1edbi.<\/span><\/p>\n<p><span style=\"font-size: medium; font-family: 'times new roman', times;\">Ngo\u00e0i ra, gi\u1eb7t kh\u00f4 c\u0169ng s\u1ebd gi\u00fap lo\u1ea1i b\u1ecf ho\u00e0n to\u00e0n 1 v\u00e0i v\u1ebft b\u1ea9n m\u00e0 ph\u01b0\u01a1ng ph\u00e1p gi\u1eb7t n\u01b0\u1edbc kh\u00f4ng th\u1ec3 l\u00e0m s\u1ea1ch \u0111\u01b0\u1ee3c.<\/span><\/p>\n<h2><strong><span style=\"font-size: large; font-family: 'times new roman', times;\">\u01afu nh\u01b0\u1ee3c \u0111i\u1ec3m c\u1ee7a ph\u01b0\u01a1ng ph\u00e1p gi\u1eb7t kh\u00f4 so v\u1edbi gi\u1eb7t n\u01b0\u1edbc?<\/span><\/strong><\/h2>\n<p><span style=\"font-size: medium; font-family: 'times new roman', times;\">\u0110\u1ec3 c\u00e1c b\u1ea1n theo d\u00f5i d\u1ec5 d\u00e0ng, ch\u00fang t\u00f4i \u0111\u00e3 t\u1ed5ng h\u1ee3p m\u1ed9t s\u1ed1 \u01b0u nh\u01b0\u1ee3c \u0111i\u1ec3m c\u1ee7a ph\u01b0\u01a1ng ph\u00e1p gi\u1eb7t kh\u00f4 trong b\u1ea3ng so s\u00e1nh d\u01b0\u1edbi \u0111\u00e2y<\/span><\/p>\n<p style=\"text-align: center;\"><a href=\"http:\/\/www.ohashi.vn\/wp-content\/uploads\/2014\/11\/So-sanh-phuong-phap-giat1.png\"><img loading=\"lazy\" decoding=\"async\" class=\"wp-image-1714 aligncenter\" alt=\"So sanh phuong phap giat\" src=\"http:\/\/www.ohashi.vn\/wp-content\/uploads\/2014\/11\/So-sanh-phuong-phap-giat1.png\" width=\"802\" height=\"1058\" srcset=\"http:\/\/www.ohashi.vn\/wp-content\/uploads\/2014\/11\/So-sanh-phuong-phap-giat1.png 2387w, http:\/\/www.ohashi.vn\/wp-content\/uploads\/2014\/11\/So-sanh-phuong-phap-giat1-201x266.png 201w, http:\/\/www.ohashi.vn\/wp-content\/uploads\/2014\/11\/So-sanh-phuong-phap-giat1-371x490.png 371w\" sizes=\"(max-width: 802px) 100vw, 802px\" \/><\/a><\/p>\n<p><span style=\"color: #ff0000;\"><strong><span style=\"font-family: 'times new roman', times; font-size: medium;\">Ch\u00fa \u00fd:<\/span><\/strong><\/span><br \/>\n<span style=\"font-family: 'times new roman', times; font-size: medium;\"> Gi\u1eb7t kh\u00f4 s\u1ebd t\u1ea1o c\u1ea3m gi\u00e1c \u00e1o qu\u1ea7n c\u1ee7a c\u00e1c b\u1ea1n r\u1ed9ng h\u01a1n m\u1ee9c b\u00ecnh th\u01b0\u1eddng. Nguy\u00ean nh\u00e2n l\u00e0 do c\u00e1c lo\u1ea1i h\u00f3a ch\u1ea5t d\u00f9ng trong gi\u1eb7t kh\u00f4 s\u1ebd l\u00e0m cho s\u1ee3i v\u1ea3i gi\u00e3n n\u1edf v\u00e0 do \u0111\u00f3 \u0111\u1ed9 kh\u00edt ban \u0111\u1ea7u do l\u1ef1c \u00e9p c\u1ee7a nh\u00e0 s\u1ea3n xu\u1ea5t t\u1ea1o ra s\u1ebd m\u1ea5t \u0111i. \u0110i\u1ec1u n\u00e0y \u0111\u1eb7c bi\u1ec7t d\u1ec5 d\u00e0ng th\u1ea5y \u1edf c\u00e1c lo\u1ea1i \u00e1o len (sweater). Do \u0111\u00f3, c\u00e1c b\u1ea1n h\u00e3y s\u1eed d\u1ee5ng d\u1ecbch v\u1ee5 gi\u1eb7t \u1ee7i chuy\u00ean nghi\u1ec7p \u0111\u1ec3 h\u1ea1n ch\u1ebf t\u00ecnh tr\u1ea1ng n\u00e0y.<\/span><\/p>\n<p><span style=\"font-family: 'times new roman', times; font-size: medium;\"> (*)Qu\u1ea7n \u00e1o xu\u1ed1ng m\u00e0u v\u00e0 nhanh c\u0169 nguy\u00ean nh\u00e2n ch\u1ee7 y\u1ebfu l\u00e0 do s\u1eed d\u1ee5ng n\u01b0\u1edbc c\u1ee9ng (n\u01b0\u1edbc ch\u01b0a qua x\u1eed l\u00fd) v\u00e0 do s\u1eed d\u1ee5ng b\u1ed9t gi\u1eb7t c\u00f3 t\u00ednh t\u1ea9y m\u1ea1nh. Do \u0111\u00f3, h\u00e3y l\u1ef1a ch\u1ecdn n\u01a1i gi\u1eb7t \u1ee7i chuy\u00ean nghi\u1ec7p c\u00f3 h\u1ec7 th\u1ed1ng x\u1eed l\u00fd n\u01b0\u1edbc (chuy\u1ec3n \u0111\u1ed5i t\u1eeb n\u01b0\u1edbc c\u1ee9ng sang n\u01b0\u1edbc m\u1ec1m) v\u00e0 s\u1eed d\u1ee5ng x\u00e0 b\u00f4ng gi\u1eb7t trung t\u00ednh \u0111\u1ec3 b\u1ea3o v\u1ec7 qu\u1ea7n \u00e1o.<\/span><\/p>\n<p><span style=\"font-family: 'times new roman', times; font-size: medium;\"> N\u1ebfu nh\u01b0 c\u00f4ng \u0111o\u1ea1n gi\u1eb7t gi\u1eef \u0111\u1ed9 b\u1ec1n v\u00e0 tr\u00e1nh l\u00e0m cho v\u1ea3i b\u1ecb loang m\u00e0u, xu\u1ed1ng m\u00e0u, th\u00ec c\u00f4ng \u0111o\u1ea1n \u1ee7i c\u0169ng quy\u1ebft \u0111\u1ecbnh qu\u1ea7n ch\u1ea5t l\u01b0\u1ee3ng \u00a0v\u00e0 \u0111\u1ed9 b\u1ec1n c\u1ee7a qu\u1ea7n \u00e1o. N\u1ebfu qu\u1ea7n \u00e1o \u0111\u01b0\u1ee3c \u1ee7i h\u01a1i, s\u1ebd tr\u00e1nh vi\u1ec7c \u0111\u1ea9y m\u1ea1nh b\u00e0n \u1ee7i tr\u00ean m\u1eb7t v\u1ea3i nhi\u1ec1u l\u1ea7n v\u00e0 s\u1ebd gi\u1eef \u0111\u01b0\u1ee3c \u0111\u1ed9 m\u1ec1m m\u1ea1i c\u1ee7a s\u1ee3i v\u1ea3i<\/span><\/p>\n<p><span style=\"font-family: 'times new roman', times; font-size: medium;\"><a href=\"http:\/\/www.ohashi.vn\/tieng-viet-vai-tro-cua-nuoc-trong-nganh-giat-ui\/\">B\u00e0i ti\u1ebfp: Vai tr\u00f2 c\u1ee7a n\u01b0\u1edbc trong ng\u00e0nh gi\u1eb7t \u1ee7i? Ph\u00e2n lo\u1ea1i n\u01b0\u1edbc<\/a>\u00a0<\/span><\/p>","protected":false},"excerpt":{"rendered":"<p>\u1ede b\u00e0i tr\u01b0\u1edbc, ch\u00fang t\u00f4i \u0111\u00e3 gi\u1edbi thi\u1ec7u cho c\u00e1c b\u1ea1n bi\u1ebft gi\u1eb7t kh\u00f4 l\u00e0 g\u00ec. Th\u1ebf nh\u01b0ng t\u1ea1i sao ch\u00fang ta ph\u1ea3i ch\u1ecdn gi\u1eb7t kh\u00f4, v\u1ed1n s\u1ebd t\u1ed1n nhi\u1ec1u chi ph\u00ed h\u01a1n? Li\u1ec7u ch\u00fang c\u00f3 th\u1eadt s\u1ef1 \u01b0u vi\u1ec7t? T\u1ea1i sao ph\u1ea3i l\u00e0 gi\u1eb7t kh\u00f4 Gi\u1eb7t kh\u00f4 l\u00e0 ph\u01b0\u01a1ng ph\u00e1p gi\u1eb7t an to\u00e0n nh\u1ea5t [&hellip;]<\/p>\n","protected":false},"author":3,"featured_media":0,"parent":0,"menu_order":0,"comment_status":"open","ping_status":"open","template":"template-fullwidth.php","meta":{"ngg_post_thumbnail":0,"footnotes":""},"class_list":["post-1708","page","type-page","status-publish","hentry"],"_links":{"self":[{"href":"http:\/\/www.ohashi.vn\/vi\/wp-json\/wp\/v2\/pages\/1708"}],"collection":[{"href":"http:\/\/www.ohashi.vn\/vi\/wp-json\/wp\/v2\/pages"}],"about":[{"href":"http:\/\/www.ohashi.vn\/vi\/wp-json\/wp\/v2\/types\/page"}],"author":[{"embeddable":true,"href":"http:\/\/www.ohashi.vn\/vi\/wp-json\/wp\/v2\/users\/3"}],"replies":[{"embeddable":true,"href":"http:\/\/www.ohashi.vn\/vi\/wp-json\/wp\/v2\/comments?post=1708"}],"version-history":[{"count":6,"href":"http:\/\/www.ohashi.vn\/vi\/wp-json\/wp\/v2\/pages\/1708\/revisions"}],"predecessor-version":[{"id":1950,"href":"http:\/\/www.ohashi.vn\/vi\/wp-json\/wp\/v2\/pages\/1708\/revisions\/1950"}],"wp:attachment":[{"href":"http:\/\/www.ohashi.vn\/vi\/wp-json\/wp\/v2\/media?parent=1708"}],"curies":[{"name":"wp","href":"https:\/\/api.w.org\/{rel}","templated":true}]}}