{"id":1308,"date":"2013-11-04T15:02:13","date_gmt":"2013-11-04T08:02:13","guid":{"rendered":"http:\/\/www.ohashi.vn\/?page_id=1308"},"modified":"2024-10-16T11:30:34","modified_gmt":"2024-10-16T04:30:34","slug":"dich-vu-giao-nhan-2","status":"publish","type":"page","link":"http:\/\/www.ohashi.vn\/vi\/san-pham-dich-vu\/dich-vu-giao-nhan-2\/","title":{"rendered":"D\u1ecbch V\u1ee5 Giao &#038; Nh\u1eadn"},"content":{"rendered":"<p><a href=\"http:\/\/www.ohashi.vn\/wp-content\/uploads\/2014\/01\/H\u00ecnh-deliver-2.png\"><img loading=\"lazy\" decoding=\"async\" class=\"alignnone wp-image-1522\" src=\"http:\/\/www.ohashi.vn\/wp-content\/uploads\/2014\/01\/H\u00ecnh-deliver-2.png\" alt=\"H\u00ecnh deliver\" width=\"933\" height=\"259\" srcset=\"http:\/\/www.ohashi.vn\/wp-content\/uploads\/2014\/01\/H\u00ecnh-deliver-2.png 2591w, http:\/\/www.ohashi.vn\/wp-content\/uploads\/2014\/01\/H\u00ecnh-deliver-2-472x130.png 472w, http:\/\/www.ohashi.vn\/wp-content\/uploads\/2014\/01\/H\u00ecnh-deliver-2-870x241.png 870w\" sizes=\"(max-width: 933px) 100vw, 933px\" \/><\/a><br \/>\n<span style=\"font-size: medium; font-family: 'times new roman', times;\">N\u1ebfu Qu\u00fd Kh\u00e1ch:<\/span><\/p>\n<p><span style=\"font-size: medium; font-family: 'times new roman', times;\">\u00a0 \u00a0 \u00a0 \u00a0 \u00a0 \u00a0 \u00a0 \u00a0 \u00a0 \u00a0<strong>Qu\u00e1 b\u1eadn r\u1ed9n v\u00e0 kh\u00f4ng th\u1ec3 \u0111\u1ebfn \u0111\u1ecba \u0111i\u1ec3m giao &amp; nh\u1eadn c\u1ee7a ch\u00fang t\u00f4i<\/strong><\/span><\/p>\n<p><span style=\"font-size: medium; font-family: 'times new roman', times;\">\u00a0 \u00a0 \u00a0 \u00a0 \u00a0 ho\u1eb7c<\/span><\/p>\n<p><span style=\"font-size: medium; font-family: 'times new roman', times;\">\u00a0 \u00a0 \u00a0 \u00a0 \u00a0 \u00a0 \u00a0 \u00a0 \u00a0 \u00a0<strong>Qu\u1ea7n \u00e1o c\u1ee7a Qu\u00fd kh\u00e1ch qu\u00e1 n\u1eb7ng v\u00e0 kh\u00f3 kh\u0103n trong vi\u1ec7c v\u1eadn chuy\u1ec3n<\/strong><\/span><\/p>\n<p><span style=\"font-size: medium; font-family: 'times new roman', times;\">H\u00e3y g\u1ecdi cho Ohashi, ch\u00fang t\u00f4i s\u1ebd c\u1eed nh\u00e2n vi\u00ean t\u1edbi \u0111\u1ecba \u0111i\u1ec3m c\u1ee7a Qu\u00fd kh\u00e1ch \u0111\u1ec3 giao &amp; nh\u1eadn qu\u1ea7n \u00e1o<\/span><\/p>\n<p><span style=\"font-size: medium; font-family: 'times new roman', times;\">M\u1ee5c ti\u00eau c\u1ee7a ch\u00fang t\u00f4i l\u00e0 mang \u0111\u1ebfn cho Qu\u00fd kh\u00e1ch s\u1ef1 tho\u1ea3i m\u00e1i v\u00e0 ti\u1ec7n l\u1ee3i khi s\u1eed d\u1ee5ng d\u1ecbch v\u1ee5. Qu\u00fd kh\u00e1ch ch\u1ec9 c\u1ea7n g\u1ecdi ho\u1eb7c g\u1eedi email cho Ohashi v\u1ec1 th\u1eddi gian v\u00e0 \u0111\u1ecba \u0111i\u1ec3m giao nh\u1eadn qu\u1ea7n \u00e1o. <\/span><\/p>\n<p><span style=\"color: #00bfff;\"><strong><span style=\"font-size: medium; font-family: 'times new roman', times;\">Ph\u01b0\u01a1ng th\u1ee9c nh\u01b0 sau:<\/span><\/strong><\/span><\/p>\n<ul>\n<li><span style=\"font-size: medium; font-family: 'times new roman', times;\">G\u1ecdi t\u1edbi s\u1ed1 (028) 3755 1844 &#8211; 0794084084 ho\u1eb7c email: <a href=\"mailto:info@ohashi.vn\">info@ohashi.vn<\/a> \u0111\u1ec3 y\u00eau c\u1ea7u d\u1ecbch v\u1ee5 giao &amp; nh\u1eadn t\u1eadn n\u01a1i.<\/span><\/li>\n<li><span style=\"font-size: medium; font-family: 'times new roman', times;\">Nh\u00e2n vi\u00ean c\u1ee7a ch\u00fang t\u00f4i s\u1ebd x\u00e1c nh\u1eadn y\u00eau c\u1ea7u c\u1ee7a Qu\u00fd kh\u00e1ch ngay khi ti\u1ebfp nh\u1eadn. \u0110\u1ed1i v\u1edbi y\u00eau c\u1ea7u giao &amp; nh\u1eadn th\u00f4ng qua h\u1ed9p mail, ch\u00fang t\u00f4i s\u1ebd g\u1eedi th\u01b0 x\u00e1c nh\u1eadn ngay khi ti\u1ebfp nh\u1eadn<\/span><\/li>\n<li><span style=\"font-size: medium; font-family: 'times new roman', times;\">\u0110\u1ec3 qu\u1ea7n \u00e1o trong t\u00fai ho\u1eb7c gi\u1ecf s\u1ea1ch va \u0111i\u1ec1n th\u00f4ng tin s\u1eed d\u1ee5ng d\u1ecbch v\u1ee5 <span style=\"color: #ff0000;\"><a href=\"http:\/\/www.ohashi.vn\/wp-content\/uploads\/2013\/11\/Bang-Gia-OHASHI.docx\"><span style=\"color: #ff0000;\">t\u1ea1i \u0111\u00e2y<\/span><\/a><\/span>. Nh\u1eefng y\u00eau c\u1ea7u \u0111\u1eb7c bi\u1ec7t nh\u01b0 l\u1ea5y b\u1ea9n, v\u1ebft m\u1ed3 h\u00f4i ph\u1ea3i \u0111\u01b0\u1ee3c ghi r\u00f5.<\/span><\/li>\n<\/ul>\n<p><span style=\"font-family: 'times new roman', times; color: #00bfff;\"><strong><span style=\"font-size: medium;\">Ph\u01b0\u01a1ng th\u1ee9c giao nh\u1eadn<\/span><\/strong><\/span><\/p>\n<p><span style=\"font-size: medium; font-family: 'times new roman', times;\">Ch\u00fang t\u00f4i s\u1ebd giao &amp; nh\u1eadn qu\u1ea7n \u00e1o c\u1ee7a Qu\u00fd kh\u00e1ch \u1edf n\u01a1i \u0111\u01b0\u1ee3c Qu\u00fd kh\u00e1ch ch\u1ec9 \u0111\u1ecbnh m\u00e0 kh\u00f4ng c\u1ea7n s\u1ef1 hi\u1ec7n di\u1ec7n c\u1ee7a Qu\u00fd kh\u00e1ch.<\/span><\/p>\n<ul>\n<li><strong><span style=\"font-size: medium; font-family: 'times new roman', times;\">N\u1ebfu Qu\u00fd kh\u00e1ch \u1edf nh\u00e0 ph\u1ed1 ho\u1eb7c chung c\u01b0<\/span><\/strong><\/li>\n<\/ul>\n<p><span style=\"font-size: medium; font-family: 'times new roman', times;\">Qu\u00fd kh\u00e1ch ch\u1ec9 c\u1ea7n giao qu\u1ea7n \u00e1o cho ng\u01b0\u1eddi gi\u00fap vi\u1ec7c, nh\u00e2n vi\u1ec7n ti\u1ebfp t\u00e2n ho\u1eb7c b\u1ea5t c\u1ee9 ng\u01b0\u1eddi n\u00e0o Qu\u00fd kh\u00e1ch tin t\u01b0\u1edfng. Tuy nhi\u00ean, s\u1ebd l\u00e0 t\u1ed1t h\u01a1n n\u1ebfu ch\u00fang t\u00f4i c\u00f3 s\u1ed1 \u0111i\u1ec7n tho\u1ea1i li\u00ean h\u1ec7 ng\u01b0\u1eddi m\u00e0 Qu\u00fd kh\u00e1ch giao qu\u1ea7n \u00e1o<\/span><\/p>\n<ul>\n<li><strong><span style=\"font-size: medium; font-family: 'times new roman', times;\">N\u1ebfu Qu\u00fd kh\u00e1ch \u1edf v\u0103n ph\u00f2ng l\u00e0m vi\u1ec7c<\/span><\/strong><\/li>\n<\/ul>\n<p><span style=\"font-size: medium; font-family: 'times new roman', times;\">Qu\u00fd kh\u00e1ch ch\u1ec9 c\u1ea7n giao qu\u1ea7n \u00e1o cho th\u01b0 k\u00fd ho\u1eb7c nh\u00e2n vi\u00ean ti\u1ebfp t\u00e2n c\u1ee7a to\u00e0 nh\u00e0, ch\u00fang t\u00f4i s\u1ebd thu nh\u1eadn qu\u1ea7n \u00e1o t\u1eeb h\u1ecd.<\/span><\/p>\n<p><em><strong><span style=\"font-size: medium; font-family: 'times new roman', times;\">Ch\u00fa \u00fd:<\/span><\/strong><\/em><\/p>\n<p><span style=\"font-size: medium; font-family: 'times new roman', times;\">Th\u00f4ng th\u01b0\u1eddng: qu\u1ea7n \u00e1o s\u1ebd \u0111\u01b0\u1ee3c giao l\u1ea1i cho kh\u00e1ch h\u00e0ng trong v\u00f2ng 4 ng\u00e0y l\u00e0m vi\u1ec7c.<\/span><\/p>\n<p><span style=\"font-size: medium; font-family: 'times new roman', times;\">\u00a0<\/span><\/p>","protected":false},"excerpt":{"rendered":"<p>N\u1ebfu Qu\u00fd Kh\u00e1ch: \u00a0 \u00a0 \u00a0 \u00a0 \u00a0 \u00a0 \u00a0 \u00a0 \u00a0 \u00a0Qu\u00e1 b\u1eadn r\u1ed9n v\u00e0 kh\u00f4ng th\u1ec3 \u0111\u1ebfn \u0111\u1ecba \u0111i\u1ec3m giao &amp; nh\u1eadn c\u1ee7a ch\u00fang t\u00f4i \u00a0 \u00a0 \u00a0 \u00a0 \u00a0 ho\u1eb7c \u00a0 \u00a0 \u00a0 \u00a0 \u00a0 \u00a0 \u00a0 \u00a0 \u00a0 \u00a0Qu\u1ea7n \u00e1o c\u1ee7a Qu\u00fd kh\u00e1ch qu\u00e1 n\u1eb7ng v\u00e0 kh\u00f3 kh\u0103n trong vi\u1ec7c v\u1eadn [&hellip;]<\/p>\n","protected":false},"author":2,"featured_media":0,"parent":442,"menu_order":0,"comment_status":"open","ping_status":"closed","template":"template-fullwidth.php","meta":{"ngg_post_thumbnail":0,"footnotes":""},"class_list":["post-1308","page","type-page","status-publish","hentry"],"_links":{"self":[{"href":"http:\/\/www.ohashi.vn\/vi\/wp-json\/wp\/v2\/pages\/1308"}],"collection":[{"href":"http:\/\/www.ohashi.vn\/vi\/wp-json\/wp\/v2\/pages"}],"about":[{"href":"http:\/\/www.ohashi.vn\/vi\/wp-json\/wp\/v2\/types\/page"}],"author":[{"embeddable":true,"href":"http:\/\/www.ohashi.vn\/vi\/wp-json\/wp\/v2\/users\/2"}],"replies":[{"embeddable":true,"href":"http:\/\/www.ohashi.vn\/vi\/wp-json\/wp\/v2\/comments?post=1308"}],"version-history":[{"count":20,"href":"http:\/\/www.ohashi.vn\/vi\/wp-json\/wp\/v2\/pages\/1308\/revisions"}],"predecessor-version":[{"id":2232,"href":"http:\/\/www.ohashi.vn\/vi\/wp-json\/wp\/v2\/pages\/1308\/revisions\/2232"}],"up":[{"embeddable":true,"href":"http:\/\/www.ohashi.vn\/vi\/wp-json\/wp\/v2\/pages\/442"}],"wp:attachment":[{"href":"http:\/\/www.ohashi.vn\/vi\/wp-json\/wp\/v2\/media?parent=1308"}],"curies":[{"name":"wp","href":"https:\/\/api.w.org\/{rel}","templated":true}]}}